{"id":18,"date":"2021-07-28T13:13:34","date_gmt":"2021-07-28T11:13:34","guid":{"rendered":"https:\/\/www.pariter.sk\/?page_id=18"},"modified":"2024-11-13T15:47:05","modified_gmt":"2024-11-13T14:47:05","slug":"o-nas","status":"publish","type":"page","link":"https:\/\/www.pariter.sk\/?page_id=18","title":{"rendered":"O n\u00e1s"},"content":{"rendered":"\n<p>Spolo\u010dnos\u0165 Pariter, s. r. o. bola zalo\u017een\u00e1 v roku 2008, nadv\u00e4zuj\u00faca na projek\u010dn\u00fa \u010dinnos\u0165 Ing. Gabriely Gab\u010dovej od roku 1993. Hlavnou n\u00e1pl\u0148ou je navrhovanie a vypracovanie kompletnej projektovej dokument\u00e1cie (pre \u00fazemn\u00e9 rozhodnutie, stavebn\u00e9 povolenie a realiz\u00e1ciu stavieb) v nasledovn\u00fdch oblastiach:<\/p>\n\n\n\n<ul class=\"wp-block-list\">\n<li><strong>bytov\u00e1 a ob\u010dianska v\u00fdstavba<\/strong><\/li>\n\n\n\n<li><strong>bytov\u00e1 v\u00fdstavba (IBV), rodinn\u00e9 domy<\/strong><\/li>\n\n\n\n<li><strong>v\u00fdstavba, rekon\u0161trukcia, zateplenie a obnova bytov\u00e9ho fondu (KBV)<\/strong><\/li>\n\n\n\n<li><strong>priemyseln\u00e9 are\u00e1ly a \u00fa\u010delov\u00e9 stavby<\/strong><\/li>\n\n\n\n<li><strong>rekon\u0161trukcie a obnovy jestvuj\u00facich stavieb<\/strong><\/li>\n<\/ul>\n\n\n\n<p>Okrem pracovn\u00edkov spolo\u010dnosti m\u00e1me \u010fal\u0161\u00edch extern\u00fdch pracovn\u00edkov, s ktor\u00fdmi stabilne spolupracujeme tak, aby bola vypracovan\u00e1 projektov\u00e1 dokument\u00e1cia komplexn\u00e1. Na\u0161u pr\u00e1cu vykon\u00e1vame na z\u00e1klade autoriza\u010dn\u00e9ho osved\u010denia a zaru\u010dujeme vysok\u00fa kvalitu pr\u00e1ce a schopnos\u0165 r\u00fdchleho rie\u0161enia ak\u00fdchko\u013evek probl\u00e9mov pred, po\u010das a po realiz\u00e1cii stavby.<\/p>\n\n\n\n<p>\u010eal\u0161ie \u010dinnosti vykon\u00e1van\u00e9 na\u0161ou spolo\u010dnos\u0165ou:<\/p>\n\n\n\n<ul class=\"wp-block-list\">\n<li><strong>energetick\u00e9 certifik\u00e1ty<\/strong><\/li>\n\n\n\n<li><strong>projektov\u00e9 energetick\u00e9 hodnotenia stavieb<br>&#8211; projekty predkladan\u00e9 pre fondy EU<\/strong><\/li>\n\n\n\n<li><strong>vypracov\u00e1vanie rozpo\u010dtov a v\u00fdkazov v\u00fdmer<\/strong><\/li>\n\n\n\n<li><strong>stavebn\u00fd dozor<br>&#8211; autorsk\u00fd dozor<\/strong><\/li>\n<\/ul>\n\n\n\n<p><\/p>\n\n\n\n<p><\/p>\n\n\n\n<p><\/p>\n\n\n\n<p><strong>Pariter s.r.o.<\/strong><\/p>\n\n\n\n<p>Hliny 1199\/22<\/p>\n\n\n\n<p>Pova\u017esk\u00e1 Bystrica<\/p>\n\n\n\n<p>Ing. Gabriela Gab\u010dov\u00e1<\/p>\n\n\n\n<p>+421 904 878 318<\/p>\n\n\n\n<p>Ing. Du\u0161an Gab\u010do<\/p>\n\n\n\n<p>+421 911 262 782<\/p>\n\n\n\n<p><a href=\"mailto:pariter@pariter.sk\">pariter@pariter.sk<\/a><\/p>\n","protected":false},"excerpt":{"rendered":"<p>Spolo\u010dnos\u0165 Pariter, s. r. o. bola zalo\u017een\u00e1 v roku 2008, nadv\u00e4zuj\u00faca na projek\u010dn\u00fa \u010dinnos\u0165 Ing. Gabriely Gab\u010dovej od roku 1993. Hlavnou n\u00e1pl\u0148ou je navrhovanie a vypracovanie kompletnej projektovej dokument\u00e1cie (pre \u00fazemn\u00e9 rozhodnutie, stavebn\u00e9 povolenie a realiz\u00e1ciu stavieb) v nasledovn\u00fdch oblastiach: Okrem pracovn\u00edkov spolo\u010dnosti m\u00e1me \u010fal\u0161\u00edch extern\u00fdch pracovn\u00edkov, s ktor\u00fdmi stabilne spolupracujeme tak, aby bola vypracovan\u00e1 [&hellip;]<\/p>\n","protected":false},"author":1,"featured_media":0,"parent":0,"menu_order":0,"comment_status":"closed","ping_status":"closed","template":"","meta":{"_monsterinsights_skip_tracking":false,"_monsterinsights_sitenote_active":false,"_monsterinsights_sitenote_note":"","_monsterinsights_sitenote_category":0,"footnotes":""},"class_list":["post-18","page","type-page","status-publish","hentry"],"yoast_head":"<!-- This site is optimized with the Yoast SEO plugin v23.9 - https:\/\/yoast.com\/wordpress\/plugins\/seo\/ -->\n<title>O n\u00e1s - PARITER<\/title>\n<meta name=\"description\" content=\"Meta popis XXX\" \/>\n<meta name=\"robots\" content=\"index, follow, max-snippet:-1, max-image-preview:large, max-video-preview:-1\" \/>\n<link rel=\"canonical\" href=\"https:\/\/www.pariter.sk\/?page_id=18\" \/>\n<meta property=\"og:locale\" content=\"sk_SK\" \/>\n<meta property=\"og:type\" content=\"article\" \/>\n<meta property=\"og:title\" content=\"O n\u00e1s - PARITER\" \/>\n<meta property=\"og:description\" content=\"Meta popis XXX\" \/>\n<meta property=\"og:url\" content=\"https:\/\/www.pariter.sk\/?page_id=18\" \/>\n<meta property=\"og:site_name\" content=\"PARITER\" \/>\n<meta property=\"article:modified_time\" content=\"2024-11-13T14:47:05+00:00\" \/>\n<meta name=\"twitter:card\" content=\"summary_large_image\" \/>\n<meta name=\"twitter:label1\" content=\"Predpokladan\u00fd \u010das \u010d\u00edtania\" \/>\n\t<meta name=\"twitter:data1\" content=\"1 min\u00fata\" \/>\n<script type=\"application\/ld+json\" class=\"yoast-schema-graph\">{\"@context\":\"https:\/\/schema.org\",\"@graph\":[{\"@type\":\"WebPage\",\"@id\":\"https:\/\/www.pariter.sk\/?page_id=18\",\"url\":\"https:\/\/www.pariter.sk\/?page_id=18\",\"name\":\"O n\u00e1s - PARITER\",\"isPartOf\":{\"@id\":\"https:\/\/www.pariter.sk\/#website\"},\"datePublished\":\"2021-07-28T11:13:34+00:00\",\"dateModified\":\"2024-11-13T14:47:05+00:00\",\"description\":\"Meta popis XXX\",\"breadcrumb\":{\"@id\":\"https:\/\/www.pariter.sk\/?page_id=18#breadcrumb\"},\"inLanguage\":\"sk-SK\",\"potentialAction\":[{\"@type\":\"ReadAction\",\"target\":[\"https:\/\/www.pariter.sk\/?page_id=18\"]}]},{\"@type\":\"BreadcrumbList\",\"@id\":\"https:\/\/www.pariter.sk\/?page_id=18#breadcrumb\",\"itemListElement\":[{\"@type\":\"ListItem\",\"position\":1,\"name\":\"Home\",\"item\":\"https:\/\/www.pariter.sk\/\"},{\"@type\":\"ListItem\",\"position\":2,\"name\":\"O n\u00e1s\"}]},{\"@type\":\"WebSite\",\"@id\":\"https:\/\/www.pariter.sk\/#website\",\"url\":\"https:\/\/www.pariter.sk\/\",\"name\":\"PARITER\",\"description\":\"\",\"publisher\":{\"@id\":\"https:\/\/www.pariter.sk\/#organization\"},\"potentialAction\":[{\"@type\":\"SearchAction\",\"target\":{\"@type\":\"EntryPoint\",\"urlTemplate\":\"https:\/\/www.pariter.sk\/?s={search_term_string}\"},\"query-input\":{\"@type\":\"PropertyValueSpecification\",\"valueRequired\":true,\"valueName\":\"search_term_string\"}}],\"inLanguage\":\"sk-SK\"},{\"@type\":\"Organization\",\"@id\":\"https:\/\/www.pariter.sk\/#organization\",\"name\":\"Pariter s.r.o.\",\"url\":\"https:\/\/www.pariter.sk\/\",\"logo\":{\"@type\":\"ImageObject\",\"inLanguage\":\"sk-SK\",\"@id\":\"https:\/\/www.pariter.sk\/#\/schema\/logo\/image\/\",\"url\":\"https:\/\/www.pariter.sk\/wp-content\/uploads\/2021\/05\/logo.jpg\",\"contentUrl\":\"https:\/\/www.pariter.sk\/wp-content\/uploads\/2021\/05\/logo.jpg\",\"width\":450,\"height\":72,\"caption\":\"Pariter s.r.o.\"},\"image\":{\"@id\":\"https:\/\/www.pariter.sk\/#\/schema\/logo\/image\/\"}}]}<\/script>\n<!-- \/ Yoast SEO plugin. -->","yoast_head_json":{"title":"O n\u00e1s - PARITER","description":"Meta popis XXX","robots":{"index":"index","follow":"follow","max-snippet":"max-snippet:-1","max-image-preview":"max-image-preview:large","max-video-preview":"max-video-preview:-1"},"canonical":"https:\/\/www.pariter.sk\/?page_id=18","og_locale":"sk_SK","og_type":"article","og_title":"O n\u00e1s - PARITER","og_description":"Meta popis XXX","og_url":"https:\/\/www.pariter.sk\/?page_id=18","og_site_name":"PARITER","article_modified_time":"2024-11-13T14:47:05+00:00","twitter_card":"summary_large_image","twitter_misc":{"Predpokladan\u00fd \u010das \u010d\u00edtania":"1 min\u00fata"},"schema":{"@context":"https:\/\/schema.org","@graph":[{"@type":"WebPage","@id":"https:\/\/www.pariter.sk\/?page_id=18","url":"https:\/\/www.pariter.sk\/?page_id=18","name":"O n\u00e1s - PARITER","isPartOf":{"@id":"https:\/\/www.pariter.sk\/#website"},"datePublished":"2021-07-28T11:13:34+00:00","dateModified":"2024-11-13T14:47:05+00:00","description":"Meta popis XXX","breadcrumb":{"@id":"https:\/\/www.pariter.sk\/?page_id=18#breadcrumb"},"inLanguage":"sk-SK","potentialAction":[{"@type":"ReadAction","target":["https:\/\/www.pariter.sk\/?page_id=18"]}]},{"@type":"BreadcrumbList","@id":"https:\/\/www.pariter.sk\/?page_id=18#breadcrumb","itemListElement":[{"@type":"ListItem","position":1,"name":"Home","item":"https:\/\/www.pariter.sk\/"},{"@type":"ListItem","position":2,"name":"O n\u00e1s"}]},{"@type":"WebSite","@id":"https:\/\/www.pariter.sk\/#website","url":"https:\/\/www.pariter.sk\/","name":"PARITER","description":"","publisher":{"@id":"https:\/\/www.pariter.sk\/#organization"},"potentialAction":[{"@type":"SearchAction","target":{"@type":"EntryPoint","urlTemplate":"https:\/\/www.pariter.sk\/?s={search_term_string}"},"query-input":{"@type":"PropertyValueSpecification","valueRequired":true,"valueName":"search_term_string"}}],"inLanguage":"sk-SK"},{"@type":"Organization","@id":"https:\/\/www.pariter.sk\/#organization","name":"Pariter s.r.o.","url":"https:\/\/www.pariter.sk\/","logo":{"@type":"ImageObject","inLanguage":"sk-SK","@id":"https:\/\/www.pariter.sk\/#\/schema\/logo\/image\/","url":"https:\/\/www.pariter.sk\/wp-content\/uploads\/2021\/05\/logo.jpg","contentUrl":"https:\/\/www.pariter.sk\/wp-content\/uploads\/2021\/05\/logo.jpg","width":450,"height":72,"caption":"Pariter s.r.o."},"image":{"@id":"https:\/\/www.pariter.sk\/#\/schema\/logo\/image\/"}}]}},"_links":{"self":[{"href":"https:\/\/www.pariter.sk\/index.php?rest_route=\/wp\/v2\/pages\/18","targetHints":{"allow":["GET"]}}],"collection":[{"href":"https:\/\/www.pariter.sk\/index.php?rest_route=\/wp\/v2\/pages"}],"about":[{"href":"https:\/\/www.pariter.sk\/index.php?rest_route=\/wp\/v2\/types\/page"}],"author":[{"embeddable":true,"href":"https:\/\/www.pariter.sk\/index.php?rest_route=\/wp\/v2\/users\/1"}],"replies":[{"embeddable":true,"href":"https:\/\/www.pariter.sk\/index.php?rest_route=%2Fwp%2Fv2%2Fcomments&post=18"}],"version-history":[{"count":5,"href":"https:\/\/www.pariter.sk\/index.php?rest_route=\/wp\/v2\/pages\/18\/revisions"}],"predecessor-version":[{"id":367,"href":"https:\/\/www.pariter.sk\/index.php?rest_route=\/wp\/v2\/pages\/18\/revisions\/367"}],"wp:attachment":[{"href":"https:\/\/www.pariter.sk\/index.php?rest_route=%2Fwp%2Fv2%2Fmedia&parent=18"}],"curies":[{"name":"wp","href":"https:\/\/api.w.org\/{rel}","templated":true}]}}