{"id":222,"date":"2021-08-11T11:28:17","date_gmt":"2021-08-11T09:28:17","guid":{"rendered":"https:\/\/www.pariter.sk\/?page_id=222"},"modified":"2021-11-09T14:13:17","modified_gmt":"2021-11-09T13:13:17","slug":"politika-spolocnosti","status":"publish","type":"page","link":"https:\/\/www.pariter.sk\/?page_id=222","title":{"rendered":"Politika spolo\u010dnosti:"},"content":{"rendered":"\n<p class=\"has-medium-font-size\"><strong>Motto:<\/strong><\/p>\n\n\n\n<p>Spokojn\u00fd z\u00e1kazn\u00edk je z\u00e1rukou prosperity firmy. Prosperuj\u00faca firma je z\u00e1rukou spokojnosti pracovn\u00edkov. Spokojn\u00fd a akt\u00edvny pracovn\u00edk je z\u00e1rukou spokojnosti z\u00e1kazn\u00edkov.<\/p>\n\n\n\n<p><\/p>\n\n\n\n<p><\/p>\n\n\n\n<p class=\"has-text-align-center\" style=\"font-size:25px\"><strong>Politika spolo\u010dnosti<br>PARITER, s.r.o.<\/strong><\/p>\n\n\n\n<p class=\"has-medium-font-size\"><strong>V\u00edzia:<\/strong><\/p>\n\n\n\n<p><\/p>\n\n\n\n<p class=\"has-text-align-center\" style=\"font-size:25px\"><strong>Energetick\u00e1 certifik\u00e1cia budov,<br>Projektovanie pozemn\u00fdch stavieb,<br>Rozpo\u010dty<\/strong><\/p>\n\n\n\n<p> <\/p>\n\n\n\n<p>Spokojnos\u0165 z\u00e1kazn\u00edka je na\u0161ou najvy\u0161\u0161ou prioritou. Zav\u00e4zujeme sa sp\u013a\u0148a\u0165 po\u017eiadavky a trvalo zlep\u0161ova\u0165 efekt\u00edvnos\u0165 mana\u017e\u00e9rskeho<br>syst\u00e9mu. Budeme dodr\u017eiava\u0165 pr\u00edslu\u0161ne pr\u00e1vne po\u017eiadavky a in\u00e9 po\u017eiadavky, ktor\u00e9 sme sa zaviazali plni\u0165 a vz\u0165ahuj\u00fa sa na na\u0161e environment\u00e1lne aspekty. Akt\u00edvne sa podie\u013ea\u0165 na ochrane a prevencii ochrany \u017eivotn\u00e9ho prostredia. Firma stavia na vybudovanej sieti z\u00e1kazn\u00edkov a dod\u00e1vate\u013eov, s ktor\u00fdmi sa sna\u017e\u00ed udr\u017eiava\u0165 dlhodob\u00e9 korektn\u00e9 a obojstranne v\u00fdhodn\u00e9 vz\u0165ahy zalo\u017een\u00e9 na vz\u00e1jomnej d\u00f4vere. Vy\u010dlenen\u00edm potrebn\u00fdch zdrojov na vhodn\u00e9 \u0161koliace a vzdel\u00e1vacie programy s\u00fastavne zvy\u0161ova\u0165 profesion\u00e1lny rast pracovn\u00edkov spolo\u010dnosti. Sledova\u0165 nov\u00e9 trendy a napredova\u0165 spolu s dynamick\u00fd sa rozv\u00edjaj\u00facim trhom tak, aby na\u0161a spolo\u010dnos\u0165 bola v\u017edy schopn\u00e1 splni\u0165 o\u010dak\u00e1vania z\u00e1kazn\u00edka na kvalitu slu\u017eby a dod\u00e1vky. Zis\u0165ova\u0165 potreby z\u00e1kazn\u00edkov prostredn\u00edctvom komunik\u00e1cie s nimi a pru\u017en\u00fdm<br>reagovan\u00edm na ich po\u017eiadavky odl\u00ed\u0161i\u0165 sa od konkurencie a udr\u017ea\u0165 si ich d\u00f4veru. Vytv\u00e1ra\u0165 podmienky a vy\u010dle\u0148ova\u0165 zdroje na kvalitu realiz\u00e1cie diela a obnovova\u0165 materi\u00e1lne vybavenie firmy potrebn\u00e9 k realiz\u00e1cii z\u00e1kaziek. Vytv\u00e1ra\u0165 podmienky pre spr\u00e1vne fungovanie integrovan\u00e9ho syst\u00e9mu vybudovan\u00e9ho pod\u013ea normy ISO 9001, ISO 14001. Zabezpe\u010dova\u0165 a presadzova\u0165 v\u0161etky povinnosti vypl\u00fdvaj\u00face z pr\u00e1vnych a in\u00fdch po\u017eiadaviek.<br><\/p>\n\n\n\n<p>V Pova\u017eskej Bystrici 20.10.2021<\/p>\n\n\n\n<p><\/p>\n\n\n\n<p class=\"has-text-align-right\">Ing. Du\u0161an Gab\u010do<\/p>\n\n\n\n<p class=\"has-text-align-right\">Konate\u013e spolo\u010dnosti <\/p>\n","protected":false},"excerpt":{"rendered":"<p>Motto: Spokojn\u00fd z\u00e1kazn\u00edk je z\u00e1rukou prosperity firmy. Prosperuj\u00faca firma je z\u00e1rukou spokojnosti pracovn\u00edkov. Spokojn\u00fd a akt\u00edvny pracovn\u00edk je z\u00e1rukou spokojnosti z\u00e1kazn\u00edkov. Politika spolo\u010dnostiPARITER, s.r.o. V\u00edzia: Energetick\u00e1 certifik\u00e1cia budov,Projektovanie pozemn\u00fdch stavieb,Rozpo\u010dty Spokojnos\u0165 z\u00e1kazn\u00edka je na\u0161ou najvy\u0161\u0161ou prioritou. Zav\u00e4zujeme sa sp\u013a\u0148a\u0165 po\u017eiadavky a trvalo zlep\u0161ova\u0165 efekt\u00edvnos\u0165 mana\u017e\u00e9rskehosyst\u00e9mu. Budeme dodr\u017eiava\u0165 pr\u00edslu\u0161ne pr\u00e1vne po\u017eiadavky a in\u00e9 po\u017eiadavky, ktor\u00e9 sme [&hellip;]<\/p>\n","protected":false},"author":1,"featured_media":0,"parent":0,"menu_order":0,"comment_status":"closed","ping_status":"closed","template":"","meta":{"_monsterinsights_skip_tracking":false,"_monsterinsights_sitenote_active":false,"_monsterinsights_sitenote_note":"","_monsterinsights_sitenote_category":0,"footnotes":""},"class_list":["post-222","page","type-page","status-publish","hentry"],"yoast_head":"<!-- This site is optimized with the Yoast SEO plugin v23.9 - https:\/\/yoast.com\/wordpress\/plugins\/seo\/ -->\n<title>Politika spolo\u010dnosti: - PARITER<\/title>\n<meta name=\"robots\" content=\"index, follow, max-snippet:-1, max-image-preview:large, max-video-preview:-1\" \/>\n<link rel=\"canonical\" href=\"https:\/\/www.pariter.sk\/?page_id=222\" \/>\n<meta property=\"og:locale\" content=\"sk_SK\" \/>\n<meta property=\"og:type\" content=\"article\" \/>\n<meta property=\"og:title\" content=\"Politika spolo\u010dnosti: - PARITER\" \/>\n<meta property=\"og:description\" content=\"Motto: Spokojn\u00fd z\u00e1kazn\u00edk je z\u00e1rukou prosperity firmy. Prosperuj\u00faca firma je z\u00e1rukou spokojnosti pracovn\u00edkov. Spokojn\u00fd a akt\u00edvny pracovn\u00edk je z\u00e1rukou spokojnosti z\u00e1kazn\u00edkov. Politika spolo\u010dnostiPARITER, s.r.o. V\u00edzia: Energetick\u00e1 certifik\u00e1cia budov,Projektovanie pozemn\u00fdch stavieb,Rozpo\u010dty Spokojnos\u0165 z\u00e1kazn\u00edka je na\u0161ou najvy\u0161\u0161ou prioritou. Zav\u00e4zujeme sa sp\u013a\u0148a\u0165 po\u017eiadavky a trvalo zlep\u0161ova\u0165 efekt\u00edvnos\u0165 mana\u017e\u00e9rskehosyst\u00e9mu. Budeme dodr\u017eiava\u0165 pr\u00edslu\u0161ne pr\u00e1vne po\u017eiadavky a in\u00e9 po\u017eiadavky, ktor\u00e9 sme [&hellip;]\" \/>\n<meta property=\"og:url\" content=\"https:\/\/www.pariter.sk\/?page_id=222\" \/>\n<meta property=\"og:site_name\" content=\"PARITER\" \/>\n<meta property=\"article:modified_time\" content=\"2021-11-09T13:13:17+00:00\" \/>\n<meta name=\"twitter:card\" content=\"summary_large_image\" \/>\n<meta name=\"twitter:label1\" content=\"Predpokladan\u00fd \u010das \u010d\u00edtania\" \/>\n\t<meta name=\"twitter:data1\" content=\"1 min\u00fata\" \/>\n<script type=\"application\/ld+json\" class=\"yoast-schema-graph\">{\"@context\":\"https:\/\/schema.org\",\"@graph\":[{\"@type\":\"WebPage\",\"@id\":\"https:\/\/www.pariter.sk\/?page_id=222\",\"url\":\"https:\/\/www.pariter.sk\/?page_id=222\",\"name\":\"Politika spolo\u010dnosti: - PARITER\",\"isPartOf\":{\"@id\":\"https:\/\/www.pariter.sk\/#website\"},\"datePublished\":\"2021-08-11T09:28:17+00:00\",\"dateModified\":\"2021-11-09T13:13:17+00:00\",\"breadcrumb\":{\"@id\":\"https:\/\/www.pariter.sk\/?page_id=222#breadcrumb\"},\"inLanguage\":\"sk-SK\",\"potentialAction\":[{\"@type\":\"ReadAction\",\"target\":[\"https:\/\/www.pariter.sk\/?page_id=222\"]}]},{\"@type\":\"BreadcrumbList\",\"@id\":\"https:\/\/www.pariter.sk\/?page_id=222#breadcrumb\",\"itemListElement\":[{\"@type\":\"ListItem\",\"position\":1,\"name\":\"Home\",\"item\":\"https:\/\/www.pariter.sk\/\"},{\"@type\":\"ListItem\",\"position\":2,\"name\":\"Politika spolo\u010dnosti:\"}]},{\"@type\":\"WebSite\",\"@id\":\"https:\/\/www.pariter.sk\/#website\",\"url\":\"https:\/\/www.pariter.sk\/\",\"name\":\"PARITER\",\"description\":\"\",\"publisher\":{\"@id\":\"https:\/\/www.pariter.sk\/#organization\"},\"potentialAction\":[{\"@type\":\"SearchAction\",\"target\":{\"@type\":\"EntryPoint\",\"urlTemplate\":\"https:\/\/www.pariter.sk\/?s={search_term_string}\"},\"query-input\":{\"@type\":\"PropertyValueSpecification\",\"valueRequired\":true,\"valueName\":\"search_term_string\"}}],\"inLanguage\":\"sk-SK\"},{\"@type\":\"Organization\",\"@id\":\"https:\/\/www.pariter.sk\/#organization\",\"name\":\"Pariter s.r.o.\",\"url\":\"https:\/\/www.pariter.sk\/\",\"logo\":{\"@type\":\"ImageObject\",\"inLanguage\":\"sk-SK\",\"@id\":\"https:\/\/www.pariter.sk\/#\/schema\/logo\/image\/\",\"url\":\"https:\/\/www.pariter.sk\/wp-content\/uploads\/2021\/05\/logo.jpg\",\"contentUrl\":\"https:\/\/www.pariter.sk\/wp-content\/uploads\/2021\/05\/logo.jpg\",\"width\":450,\"height\":72,\"caption\":\"Pariter s.r.o.\"},\"image\":{\"@id\":\"https:\/\/www.pariter.sk\/#\/schema\/logo\/image\/\"}}]}<\/script>\n<!-- \/ Yoast SEO plugin. -->","yoast_head_json":{"title":"Politika spolo\u010dnosti: - PARITER","robots":{"index":"index","follow":"follow","max-snippet":"max-snippet:-1","max-image-preview":"max-image-preview:large","max-video-preview":"max-video-preview:-1"},"canonical":"https:\/\/www.pariter.sk\/?page_id=222","og_locale":"sk_SK","og_type":"article","og_title":"Politika spolo\u010dnosti: - PARITER","og_description":"Motto: Spokojn\u00fd z\u00e1kazn\u00edk je z\u00e1rukou prosperity firmy. Prosperuj\u00faca firma je z\u00e1rukou spokojnosti pracovn\u00edkov. Spokojn\u00fd a akt\u00edvny pracovn\u00edk je z\u00e1rukou spokojnosti z\u00e1kazn\u00edkov. Politika spolo\u010dnostiPARITER, s.r.o. V\u00edzia: Energetick\u00e1 certifik\u00e1cia budov,Projektovanie pozemn\u00fdch stavieb,Rozpo\u010dty Spokojnos\u0165 z\u00e1kazn\u00edka je na\u0161ou najvy\u0161\u0161ou prioritou. Zav\u00e4zujeme sa sp\u013a\u0148a\u0165 po\u017eiadavky a trvalo zlep\u0161ova\u0165 efekt\u00edvnos\u0165 mana\u017e\u00e9rskehosyst\u00e9mu. Budeme dodr\u017eiava\u0165 pr\u00edslu\u0161ne pr\u00e1vne po\u017eiadavky a in\u00e9 po\u017eiadavky, ktor\u00e9 sme [&hellip;]","og_url":"https:\/\/www.pariter.sk\/?page_id=222","og_site_name":"PARITER","article_modified_time":"2021-11-09T13:13:17+00:00","twitter_card":"summary_large_image","twitter_misc":{"Predpokladan\u00fd \u010das \u010d\u00edtania":"1 min\u00fata"},"schema":{"@context":"https:\/\/schema.org","@graph":[{"@type":"WebPage","@id":"https:\/\/www.pariter.sk\/?page_id=222","url":"https:\/\/www.pariter.sk\/?page_id=222","name":"Politika spolo\u010dnosti: - PARITER","isPartOf":{"@id":"https:\/\/www.pariter.sk\/#website"},"datePublished":"2021-08-11T09:28:17+00:00","dateModified":"2021-11-09T13:13:17+00:00","breadcrumb":{"@id":"https:\/\/www.pariter.sk\/?page_id=222#breadcrumb"},"inLanguage":"sk-SK","potentialAction":[{"@type":"ReadAction","target":["https:\/\/www.pariter.sk\/?page_id=222"]}]},{"@type":"BreadcrumbList","@id":"https:\/\/www.pariter.sk\/?page_id=222#breadcrumb","itemListElement":[{"@type":"ListItem","position":1,"name":"Home","item":"https:\/\/www.pariter.sk\/"},{"@type":"ListItem","position":2,"name":"Politika spolo\u010dnosti:"}]},{"@type":"WebSite","@id":"https:\/\/www.pariter.sk\/#website","url":"https:\/\/www.pariter.sk\/","name":"PARITER","description":"","publisher":{"@id":"https:\/\/www.pariter.sk\/#organization"},"potentialAction":[{"@type":"SearchAction","target":{"@type":"EntryPoint","urlTemplate":"https:\/\/www.pariter.sk\/?s={search_term_string}"},"query-input":{"@type":"PropertyValueSpecification","valueRequired":true,"valueName":"search_term_string"}}],"inLanguage":"sk-SK"},{"@type":"Organization","@id":"https:\/\/www.pariter.sk\/#organization","name":"Pariter s.r.o.","url":"https:\/\/www.pariter.sk\/","logo":{"@type":"ImageObject","inLanguage":"sk-SK","@id":"https:\/\/www.pariter.sk\/#\/schema\/logo\/image\/","url":"https:\/\/www.pariter.sk\/wp-content\/uploads\/2021\/05\/logo.jpg","contentUrl":"https:\/\/www.pariter.sk\/wp-content\/uploads\/2021\/05\/logo.jpg","width":450,"height":72,"caption":"Pariter s.r.o."},"image":{"@id":"https:\/\/www.pariter.sk\/#\/schema\/logo\/image\/"}}]}},"_links":{"self":[{"href":"https:\/\/www.pariter.sk\/index.php?rest_route=\/wp\/v2\/pages\/222","targetHints":{"allow":["GET"]}}],"collection":[{"href":"https:\/\/www.pariter.sk\/index.php?rest_route=\/wp\/v2\/pages"}],"about":[{"href":"https:\/\/www.pariter.sk\/index.php?rest_route=\/wp\/v2\/types\/page"}],"author":[{"embeddable":true,"href":"https:\/\/www.pariter.sk\/index.php?rest_route=\/wp\/v2\/users\/1"}],"replies":[{"embeddable":true,"href":"https:\/\/www.pariter.sk\/index.php?rest_route=%2Fwp%2Fv2%2Fcomments&post=222"}],"version-history":[{"count":5,"href":"https:\/\/www.pariter.sk\/index.php?rest_route=\/wp\/v2\/pages\/222\/revisions"}],"predecessor-version":[{"id":338,"href":"https:\/\/www.pariter.sk\/index.php?rest_route=\/wp\/v2\/pages\/222\/revisions\/338"}],"wp:attachment":[{"href":"https:\/\/www.pariter.sk\/index.php?rest_route=%2Fwp%2Fv2%2Fmedia&parent=222"}],"curies":[{"name":"wp","href":"https:\/\/api.w.org\/{rel}","templated":true}]}}