{"id":29,"date":"2021-07-28T14:56:45","date_gmt":"2021-07-28T12:56:45","guid":{"rendered":"https:\/\/www.pariter.sk\/?page_id=29"},"modified":"2021-08-02T11:47:05","modified_gmt":"2021-08-02T09:47:05","slug":"referencie","status":"publish","type":"page","link":"https:\/\/www.pariter.sk\/?page_id=29","title":{"rendered":"Referencie"},"content":{"rendered":"\n<h2 class=\"wp-block-heading\"><a href=\"https:\/\/www.pariter.sk\/?page_id=82\">Energetick\u00e9 certifik\u00e1ty<\/a><\/h2>\n\n\n\n<h2 class=\"wp-block-heading\"><a href=\"https:\/\/www.pariter.sk\/?page_id=85\">Obnova bytov\u00fdch domov<\/a><\/h2>\n\n\n\n<h2 class=\"wp-block-heading\"><a href=\"https:\/\/www.pariter.sk\/?page_id=88\">Projekty<\/a><\/h2>\n","protected":false},"excerpt":{"rendered":"<p>Energetick\u00e9 certifik\u00e1ty Obnova bytov\u00fdch domov Projekty<\/p>\n","protected":false},"author":1,"featured_media":0,"parent":0,"menu_order":0,"comment_status":"closed","ping_status":"closed","template":"","meta":{"_monsterinsights_skip_tracking":false,"_monsterinsights_sitenote_active":false,"_monsterinsights_sitenote_note":"","_monsterinsights_sitenote_category":0,"footnotes":""},"class_list":["post-29","page","type-page","status-publish","hentry"],"yoast_head":"<!-- This site is optimized with the Yoast SEO plugin v23.9 - https:\/\/yoast.com\/wordpress\/plugins\/seo\/ -->\n<title>Referencie - PARITER<\/title>\n<meta name=\"robots\" content=\"index, follow, max-snippet:-1, max-image-preview:large, max-video-preview:-1\" \/>\n<link rel=\"canonical\" href=\"https:\/\/www.pariter.sk\/?page_id=29\" \/>\n<meta property=\"og:locale\" content=\"sk_SK\" \/>\n<meta property=\"og:type\" content=\"article\" \/>\n<meta property=\"og:title\" content=\"Referencie - PARITER\" \/>\n<meta property=\"og:description\" content=\"Energetick\u00e9 certifik\u00e1ty Obnova bytov\u00fdch domov Projekty\" \/>\n<meta property=\"og:url\" content=\"https:\/\/www.pariter.sk\/?page_id=29\" \/>\n<meta property=\"og:site_name\" content=\"PARITER\" \/>\n<meta property=\"article:modified_time\" content=\"2021-08-02T09:47:05+00:00\" \/>\n<meta name=\"twitter:card\" content=\"summary_large_image\" \/>\n<meta name=\"twitter:label1\" content=\"Predpokladan\u00fd \u010das \u010d\u00edtania\" \/>\n\t<meta name=\"twitter:data1\" content=\"1 min\u00fata\" \/>\n<script type=\"application\/ld+json\" class=\"yoast-schema-graph\">{\"@context\":\"https:\/\/schema.org\",\"@graph\":[{\"@type\":\"WebPage\",\"@id\":\"https:\/\/www.pariter.sk\/?page_id=29\",\"url\":\"https:\/\/www.pariter.sk\/?page_id=29\",\"name\":\"Referencie - PARITER\",\"isPartOf\":{\"@id\":\"https:\/\/www.pariter.sk\/#website\"},\"datePublished\":\"2021-07-28T12:56:45+00:00\",\"dateModified\":\"2021-08-02T09:47:05+00:00\",\"breadcrumb\":{\"@id\":\"https:\/\/www.pariter.sk\/?page_id=29#breadcrumb\"},\"inLanguage\":\"sk-SK\",\"potentialAction\":[{\"@type\":\"ReadAction\",\"target\":[\"https:\/\/www.pariter.sk\/?page_id=29\"]}]},{\"@type\":\"BreadcrumbList\",\"@id\":\"https:\/\/www.pariter.sk\/?page_id=29#breadcrumb\",\"itemListElement\":[{\"@type\":\"ListItem\",\"position\":1,\"name\":\"Home\",\"item\":\"https:\/\/www.pariter.sk\/\"},{\"@type\":\"ListItem\",\"position\":2,\"name\":\"Referencie\"}]},{\"@type\":\"WebSite\",\"@id\":\"https:\/\/www.pariter.sk\/#website\",\"url\":\"https:\/\/www.pariter.sk\/\",\"name\":\"PARITER\",\"description\":\"\",\"publisher\":{\"@id\":\"https:\/\/www.pariter.sk\/#organization\"},\"potentialAction\":[{\"@type\":\"SearchAction\",\"target\":{\"@type\":\"EntryPoint\",\"urlTemplate\":\"https:\/\/www.pariter.sk\/?s={search_term_string}\"},\"query-input\":{\"@type\":\"PropertyValueSpecification\",\"valueRequired\":true,\"valueName\":\"search_term_string\"}}],\"inLanguage\":\"sk-SK\"},{\"@type\":\"Organization\",\"@id\":\"https:\/\/www.pariter.sk\/#organization\",\"name\":\"Pariter s.r.o.\",\"url\":\"https:\/\/www.pariter.sk\/\",\"logo\":{\"@type\":\"ImageObject\",\"inLanguage\":\"sk-SK\",\"@id\":\"https:\/\/www.pariter.sk\/#\/schema\/logo\/image\/\",\"url\":\"https:\/\/www.pariter.sk\/wp-content\/uploads\/2021\/05\/logo.jpg\",\"contentUrl\":\"https:\/\/www.pariter.sk\/wp-content\/uploads\/2021\/05\/logo.jpg\",\"width\":450,\"height\":72,\"caption\":\"Pariter s.r.o.\"},\"image\":{\"@id\":\"https:\/\/www.pariter.sk\/#\/schema\/logo\/image\/\"}}]}<\/script>\n<!-- \/ Yoast SEO plugin. -->","yoast_head_json":{"title":"Referencie - PARITER","robots":{"index":"index","follow":"follow","max-snippet":"max-snippet:-1","max-image-preview":"max-image-preview:large","max-video-preview":"max-video-preview:-1"},"canonical":"https:\/\/www.pariter.sk\/?page_id=29","og_locale":"sk_SK","og_type":"article","og_title":"Referencie - PARITER","og_description":"Energetick\u00e9 certifik\u00e1ty Obnova bytov\u00fdch domov Projekty","og_url":"https:\/\/www.pariter.sk\/?page_id=29","og_site_name":"PARITER","article_modified_time":"2021-08-02T09:47:05+00:00","twitter_card":"summary_large_image","twitter_misc":{"Predpokladan\u00fd \u010das \u010d\u00edtania":"1 min\u00fata"},"schema":{"@context":"https:\/\/schema.org","@graph":[{"@type":"WebPage","@id":"https:\/\/www.pariter.sk\/?page_id=29","url":"https:\/\/www.pariter.sk\/?page_id=29","name":"Referencie - PARITER","isPartOf":{"@id":"https:\/\/www.pariter.sk\/#website"},"datePublished":"2021-07-28T12:56:45+00:00","dateModified":"2021-08-02T09:47:05+00:00","breadcrumb":{"@id":"https:\/\/www.pariter.sk\/?page_id=29#breadcrumb"},"inLanguage":"sk-SK","potentialAction":[{"@type":"ReadAction","target":["https:\/\/www.pariter.sk\/?page_id=29"]}]},{"@type":"BreadcrumbList","@id":"https:\/\/www.pariter.sk\/?page_id=29#breadcrumb","itemListElement":[{"@type":"ListItem","position":1,"name":"Home","item":"https:\/\/www.pariter.sk\/"},{"@type":"ListItem","position":2,"name":"Referencie"}]},{"@type":"WebSite","@id":"https:\/\/www.pariter.sk\/#website","url":"https:\/\/www.pariter.sk\/","name":"PARITER","description":"","publisher":{"@id":"https:\/\/www.pariter.sk\/#organization"},"potentialAction":[{"@type":"SearchAction","target":{"@type":"EntryPoint","urlTemplate":"https:\/\/www.pariter.sk\/?s={search_term_string}"},"query-input":{"@type":"PropertyValueSpecification","valueRequired":true,"valueName":"search_term_string"}}],"inLanguage":"sk-SK"},{"@type":"Organization","@id":"https:\/\/www.pariter.sk\/#organization","name":"Pariter s.r.o.","url":"https:\/\/www.pariter.sk\/","logo":{"@type":"ImageObject","inLanguage":"sk-SK","@id":"https:\/\/www.pariter.sk\/#\/schema\/logo\/image\/","url":"https:\/\/www.pariter.sk\/wp-content\/uploads\/2021\/05\/logo.jpg","contentUrl":"https:\/\/www.pariter.sk\/wp-content\/uploads\/2021\/05\/logo.jpg","width":450,"height":72,"caption":"Pariter s.r.o."},"image":{"@id":"https:\/\/www.pariter.sk\/#\/schema\/logo\/image\/"}}]}},"_links":{"self":[{"href":"https:\/\/www.pariter.sk\/index.php?rest_route=\/wp\/v2\/pages\/29","targetHints":{"allow":["GET"]}}],"collection":[{"href":"https:\/\/www.pariter.sk\/index.php?rest_route=\/wp\/v2\/pages"}],"about":[{"href":"https:\/\/www.pariter.sk\/index.php?rest_route=\/wp\/v2\/types\/page"}],"author":[{"embeddable":true,"href":"https:\/\/www.pariter.sk\/index.php?rest_route=\/wp\/v2\/users\/1"}],"replies":[{"embeddable":true,"href":"https:\/\/www.pariter.sk\/index.php?rest_route=%2Fwp%2Fv2%2Fcomments&post=29"}],"version-history":[{"count":3,"href":"https:\/\/www.pariter.sk\/index.php?rest_route=\/wp\/v2\/pages\/29\/revisions"}],"predecessor-version":[{"id":192,"href":"https:\/\/www.pariter.sk\/index.php?rest_route=\/wp\/v2\/pages\/29\/revisions\/192"}],"wp:attachment":[{"href":"https:\/\/www.pariter.sk\/index.php?rest_route=%2Fwp%2Fv2%2Fmedia&parent=29"}],"curies":[{"name":"wp","href":"https:\/\/api.w.org\/{rel}","templated":true}]}}