{"id":32,"date":"2021-07-28T14:57:50","date_gmt":"2021-07-28T12:57:50","guid":{"rendered":"https:\/\/www.pariter.sk\/?page_id=32"},"modified":"2024-11-13T16:04:09","modified_gmt":"2024-11-13T15:04:09","slug":"osvedcenia","status":"publish","type":"page","link":"https:\/\/www.pariter.sk\/?page_id=32","title":{"rendered":"Osved\u010denia"},"content":{"rendered":"\n<p><\/p>\n\n\n\n<h2 class=\"wp-block-heading\"><strong>Certifik\u00e1ty<\/strong><\/h2>\n\n\n\n<figure class=\"wp-block-image size-large\"><img loading=\"lazy\" decoding=\"async\" width=\"722\" height=\"1024\" src=\"https:\/\/www.pariter.sk\/wp-content\/uploads\/2022\/08\/certifikat-KROS-722x1024.jpg\" alt=\"\" class=\"wp-image-349\" srcset=\"https:\/\/www.pariter.sk\/wp-content\/uploads\/2022\/08\/certifikat-KROS-722x1024.jpg 722w, https:\/\/www.pariter.sk\/wp-content\/uploads\/2022\/08\/certifikat-KROS-212x300.jpg 212w, https:\/\/www.pariter.sk\/wp-content\/uploads\/2022\/08\/certifikat-KROS-768x1089.jpg 768w, https:\/\/www.pariter.sk\/wp-content\/uploads\/2022\/08\/certifikat-KROS-1084x1536.jpg 1084w, https:\/\/www.pariter.sk\/wp-content\/uploads\/2022\/08\/certifikat-KROS-1445x2048.jpg 1445w, https:\/\/www.pariter.sk\/wp-content\/uploads\/2022\/08\/certifikat-KROS-scaled.jpg 1806w\" sizes=\"auto, (max-width: 722px) 100vw, 722px\" \/><\/figure>\n\n\n\n<figure class=\"wp-block-image size-full\"><img loading=\"lazy\" decoding=\"async\" width=\"1024\" height=\"724\" src=\"https:\/\/www.pariter.sk\/wp-content\/uploads\/2021\/07\/autocad.jpg\" alt=\"\" class=\"wp-image-51\" srcset=\"https:\/\/www.pariter.sk\/wp-content\/uploads\/2021\/07\/autocad.jpg 1024w, https:\/\/www.pariter.sk\/wp-content\/uploads\/2021\/07\/autocad-300x212.jpg 300w, https:\/\/www.pariter.sk\/wp-content\/uploads\/2021\/07\/autocad-768x543.jpg 768w, https:\/\/www.pariter.sk\/wp-content\/uploads\/2021\/07\/autocad-1x1.jpg 1w\" sizes=\"auto, (max-width: 1024px) 100vw, 1024px\" \/><\/figure>\n\n\n\n<figure class=\"wp-block-image size-large\"><img loading=\"lazy\" decoding=\"async\" width=\"1024\" height=\"724\" src=\"https:\/\/www.pariter.sk\/wp-content\/uploads\/2021\/07\/autorizacne-osvedcenie-1024x724.jpg\" alt=\"\" class=\"wp-image-52\" srcset=\"https:\/\/www.pariter.sk\/wp-content\/uploads\/2021\/07\/autorizacne-osvedcenie-1024x724.jpg 1024w, https:\/\/www.pariter.sk\/wp-content\/uploads\/2021\/07\/autorizacne-osvedcenie-300x212.jpg 300w, https:\/\/www.pariter.sk\/wp-content\/uploads\/2021\/07\/autorizacne-osvedcenie-768x543.jpg 768w, https:\/\/www.pariter.sk\/wp-content\/uploads\/2021\/07\/autorizacne-osvedcenie-1536x1086.jpg 1536w, https:\/\/www.pariter.sk\/wp-content\/uploads\/2021\/07\/autorizacne-osvedcenie-1x1.jpg 1w, https:\/\/www.pariter.sk\/wp-content\/uploads\/2021\/07\/autorizacne-osvedcenie.jpg 1920w\" sizes=\"auto, (max-width: 1024px) 100vw, 1024px\" \/><\/figure>\n\n\n\n<figure class=\"wp-block-image size-large\"><img loading=\"lazy\" decoding=\"async\" width=\"724\" height=\"1024\" src=\"https:\/\/www.pariter.sk\/wp-content\/uploads\/2021\/07\/Certifikat-page-001-724x1024.jpg\" alt=\"\" class=\"wp-image-53\" srcset=\"https:\/\/www.pariter.sk\/wp-content\/uploads\/2021\/07\/Certifikat-page-001-724x1024.jpg 724w, https:\/\/www.pariter.sk\/wp-content\/uploads\/2021\/07\/Certifikat-page-001-212x300.jpg 212w, https:\/\/www.pariter.sk\/wp-content\/uploads\/2021\/07\/Certifikat-page-001-768x1086.jpg 768w, https:\/\/www.pariter.sk\/wp-content\/uploads\/2021\/07\/Certifikat-page-001-1086x1536.jpg 1086w, https:\/\/www.pariter.sk\/wp-content\/uploads\/2021\/07\/Certifikat-page-001-1x1.jpg 1w, https:\/\/www.pariter.sk\/wp-content\/uploads\/2021\/07\/Certifikat-page-001.jpg 1358w\" sizes=\"auto, (max-width: 724px) 100vw, 724px\" \/><\/figure>\n\n\n\n<figure class=\"wp-block-image size-large\"><img loading=\"lazy\" decoding=\"async\" width=\"724\" height=\"1024\" src=\"https:\/\/www.pariter.sk\/wp-content\/uploads\/2021\/07\/osvedcenie-EC-724x1024.jpg\" alt=\"\" class=\"wp-image-54\" srcset=\"https:\/\/www.pariter.sk\/wp-content\/uploads\/2021\/07\/osvedcenie-EC-724x1024.jpg 724w, https:\/\/www.pariter.sk\/wp-content\/uploads\/2021\/07\/osvedcenie-EC-212x300.jpg 212w, https:\/\/www.pariter.sk\/wp-content\/uploads\/2021\/07\/osvedcenie-EC-768x1087.jpg 768w, https:\/\/www.pariter.sk\/wp-content\/uploads\/2021\/07\/osvedcenie-EC-1086x1536.jpg 1086w, https:\/\/www.pariter.sk\/wp-content\/uploads\/2021\/07\/osvedcenie-EC-1x1.jpg 1w, https:\/\/www.pariter.sk\/wp-content\/uploads\/2021\/07\/osvedcenie-EC.jpg 1357w\" sizes=\"auto, (max-width: 724px) 100vw, 724px\" \/><\/figure>\n\n\n\n<figure class=\"wp-block-image size-full\"><img loading=\"lazy\" decoding=\"async\" width=\"724\" height=\"1024\" src=\"https:\/\/www.pariter.sk\/wp-content\/uploads\/2021\/07\/osvedcenie-rozpocty.jpg\" alt=\"\" class=\"wp-image-55\" srcset=\"https:\/\/www.pariter.sk\/wp-content\/uploads\/2021\/07\/osvedcenie-rozpocty.jpg 724w, https:\/\/www.pariter.sk\/wp-content\/uploads\/2021\/07\/osvedcenie-rozpocty-212x300.jpg 212w, https:\/\/www.pariter.sk\/wp-content\/uploads\/2021\/07\/osvedcenie-rozpocty-1x1.jpg 1w\" sizes=\"auto, (max-width: 724px) 100vw, 724px\" \/><\/figure>\n\n\n\n<figure class=\"wp-block-image size-large\"><img loading=\"lazy\" decoding=\"async\" width=\"724\" height=\"1024\" src=\"https:\/\/www.pariter.sk\/wp-content\/uploads\/2021\/07\/osvedcenie-stavebny-dozor-724x1024.jpg\" alt=\"\" class=\"wp-image-56\" srcset=\"https:\/\/www.pariter.sk\/wp-content\/uploads\/2021\/07\/osvedcenie-stavebny-dozor-724x1024.jpg 724w, https:\/\/www.pariter.sk\/wp-content\/uploads\/2021\/07\/osvedcenie-stavebny-dozor-212x300.jpg 212w, https:\/\/www.pariter.sk\/wp-content\/uploads\/2021\/07\/osvedcenie-stavebny-dozor-768x1087.jpg 768w, https:\/\/www.pariter.sk\/wp-content\/uploads\/2021\/07\/osvedcenie-stavebny-dozor-1086x1536.jpg 1086w, https:\/\/www.pariter.sk\/wp-content\/uploads\/2021\/07\/osvedcenie-stavebny-dozor-1x1.jpg 1w, https:\/\/www.pariter.sk\/wp-content\/uploads\/2021\/07\/osvedcenie-stavebny-dozor.jpg 1357w\" sizes=\"auto, (max-width: 724px) 100vw, 724px\" \/><\/figure>\n\n\n\n<figure class=\"wp-block-image size-full\"><img loading=\"lazy\" decoding=\"async\" width=\"722\" height=\"1024\" src=\"https:\/\/www.pariter.sk\/wp-content\/uploads\/2024\/11\/interny-auditor-ISO-14001-page-001-722x1024-2.jpg\" alt=\"\" class=\"wp-image-374\" srcset=\"https:\/\/www.pariter.sk\/wp-content\/uploads\/2024\/11\/interny-auditor-ISO-14001-page-001-722x1024-2.jpg 722w, https:\/\/www.pariter.sk\/wp-content\/uploads\/2024\/11\/interny-auditor-ISO-14001-page-001-722x1024-2-212x300.jpg 212w\" sizes=\"auto, (max-width: 722px) 100vw, 722px\" \/><\/figure>\n\n\n\n<p><\/p>\n\n\n\n<figure class=\"wp-block-image size-large\"><img loading=\"lazy\" decoding=\"async\" width=\"722\" height=\"1024\" src=\"https:\/\/www.pariter.sk\/wp-content\/uploads\/2024\/11\/KROS_page-0001-722x1024.jpg\" alt=\"\" class=\"wp-image-377\" srcset=\"https:\/\/www.pariter.sk\/wp-content\/uploads\/2024\/11\/KROS_page-0001-722x1024.jpg 722w, https:\/\/www.pariter.sk\/wp-content\/uploads\/2024\/11\/KROS_page-0001-212x300.jpg 212w, https:\/\/www.pariter.sk\/wp-content\/uploads\/2024\/11\/KROS_page-0001-768x1089.jpg 768w, https:\/\/www.pariter.sk\/wp-content\/uploads\/2024\/11\/KROS_page-0001-1084x1536.jpg 1084w, https:\/\/www.pariter.sk\/wp-content\/uploads\/2024\/11\/KROS_page-0001.jpg 1229w\" sizes=\"auto, (max-width: 722px) 100vw, 722px\" \/><\/figure>\n\n\n\n<p><\/p>\n\n\n\n<h2 class=\"wp-block-heading\"><strong>V\u00fdpis z obchodn\u00e9ho registra<\/strong><\/h2>\n\n\n\n<figure class=\"wp-block-image size-large\"><img loading=\"lazy\" decoding=\"async\" width=\"722\" height=\"1024\" src=\"https:\/\/www.pariter.sk\/wp-content\/uploads\/2021\/07\/osv1-722x1024.jpg\" alt=\"\" class=\"wp-image-58\" srcset=\"https:\/\/www.pariter.sk\/wp-content\/uploads\/2021\/07\/osv1-722x1024.jpg 722w, https:\/\/www.pariter.sk\/wp-content\/uploads\/2021\/07\/osv1-211x300.jpg 211w, https:\/\/www.pariter.sk\/wp-content\/uploads\/2021\/07\/osv1-768x1090.jpg 768w, https:\/\/www.pariter.sk\/wp-content\/uploads\/2021\/07\/osv1-1x1.jpg 1w, https:\/\/www.pariter.sk\/wp-content\/uploads\/2021\/07\/osv1.jpg 959w\" sizes=\"auto, (max-width: 722px) 100vw, 722px\" \/><\/figure>\n\n\n\n<figure class=\"wp-block-image size-large\"><img loading=\"lazy\" decoding=\"async\" width=\"723\" height=\"1024\" src=\"https:\/\/www.pariter.sk\/wp-content\/uploads\/2021\/07\/osv2-723x1024.jpg\" alt=\"\" class=\"wp-image-59\" srcset=\"https:\/\/www.pariter.sk\/wp-content\/uploads\/2021\/07\/osv2-723x1024.jpg 723w, https:\/\/www.pariter.sk\/wp-content\/uploads\/2021\/07\/osv2-212x300.jpg 212w, https:\/\/www.pariter.sk\/wp-content\/uploads\/2021\/07\/osv2-768x1088.jpg 768w, https:\/\/www.pariter.sk\/wp-content\/uploads\/2021\/07\/osv2-1x1.jpg 1w, https:\/\/www.pariter.sk\/wp-content\/uploads\/2021\/07\/osv2.jpg 961w\" sizes=\"auto, (max-width: 723px) 100vw, 723px\" \/><\/figure>\n","protected":false},"excerpt":{"rendered":"<p>Certifik\u00e1ty V\u00fdpis z obchodn\u00e9ho registra<\/p>\n","protected":false},"author":1,"featured_media":0,"parent":0,"menu_order":0,"comment_status":"closed","ping_status":"closed","template":"","meta":{"_monsterinsights_skip_tracking":false,"_monsterinsights_sitenote_active":false,"_monsterinsights_sitenote_note":"","_monsterinsights_sitenote_category":0,"footnotes":""},"class_list":["post-32","page","type-page","status-publish","hentry"],"yoast_head":"<!-- This site is optimized with the Yoast SEO plugin v23.9 - https:\/\/yoast.com\/wordpress\/plugins\/seo\/ -->\n<title>Osved\u010denia - PARITER<\/title>\n<meta name=\"robots\" content=\"index, follow, max-snippet:-1, max-image-preview:large, max-video-preview:-1\" \/>\n<link rel=\"canonical\" href=\"https:\/\/www.pariter.sk\/?page_id=32\" \/>\n<meta property=\"og:locale\" content=\"sk_SK\" \/>\n<meta property=\"og:type\" content=\"article\" \/>\n<meta property=\"og:title\" content=\"Osved\u010denia - PARITER\" \/>\n<meta property=\"og:description\" content=\"Certifik\u00e1ty V\u00fdpis z obchodn\u00e9ho registra\" \/>\n<meta property=\"og:url\" content=\"https:\/\/www.pariter.sk\/?page_id=32\" \/>\n<meta property=\"og:site_name\" content=\"PARITER\" \/>\n<meta property=\"article:modified_time\" content=\"2024-11-13T15:04:09+00:00\" \/>\n<meta property=\"og:image\" content=\"https:\/\/www.pariter.sk\/wp-content\/uploads\/2022\/08\/certifikat-KROS-scaled.jpg\" \/>\n\t<meta property=\"og:image:width\" content=\"1806\" \/>\n\t<meta property=\"og:image:height\" content=\"2560\" \/>\n\t<meta property=\"og:image:type\" content=\"image\/jpeg\" \/>\n<meta name=\"twitter:card\" content=\"summary_large_image\" \/>\n<meta name=\"twitter:label1\" content=\"Predpokladan\u00fd \u010das \u010d\u00edtania\" \/>\n\t<meta name=\"twitter:data1\" content=\"3 min\u00faty\" \/>\n<script type=\"application\/ld+json\" class=\"yoast-schema-graph\">{\"@context\":\"https:\/\/schema.org\",\"@graph\":[{\"@type\":\"WebPage\",\"@id\":\"https:\/\/www.pariter.sk\/?page_id=32\",\"url\":\"https:\/\/www.pariter.sk\/?page_id=32\",\"name\":\"Osved\u010denia - PARITER\",\"isPartOf\":{\"@id\":\"https:\/\/www.pariter.sk\/#website\"},\"primaryImageOfPage\":{\"@id\":\"https:\/\/www.pariter.sk\/?page_id=32#primaryimage\"},\"image\":{\"@id\":\"https:\/\/www.pariter.sk\/?page_id=32#primaryimage\"},\"thumbnailUrl\":\"https:\/\/www.pariter.sk\/wp-content\/uploads\/2022\/08\/certifikat-KROS-722x1024.jpg\",\"datePublished\":\"2021-07-28T12:57:50+00:00\",\"dateModified\":\"2024-11-13T15:04:09+00:00\",\"breadcrumb\":{\"@id\":\"https:\/\/www.pariter.sk\/?page_id=32#breadcrumb\"},\"inLanguage\":\"sk-SK\",\"potentialAction\":[{\"@type\":\"ReadAction\",\"target\":[\"https:\/\/www.pariter.sk\/?page_id=32\"]}]},{\"@type\":\"ImageObject\",\"inLanguage\":\"sk-SK\",\"@id\":\"https:\/\/www.pariter.sk\/?page_id=32#primaryimage\",\"url\":\"https:\/\/www.pariter.sk\/wp-content\/uploads\/2022\/08\/certifikat-KROS-scaled.jpg\",\"contentUrl\":\"https:\/\/www.pariter.sk\/wp-content\/uploads\/2022\/08\/certifikat-KROS-scaled.jpg\",\"width\":1806,\"height\":2560},{\"@type\":\"BreadcrumbList\",\"@id\":\"https:\/\/www.pariter.sk\/?page_id=32#breadcrumb\",\"itemListElement\":[{\"@type\":\"ListItem\",\"position\":1,\"name\":\"Home\",\"item\":\"https:\/\/www.pariter.sk\/\"},{\"@type\":\"ListItem\",\"position\":2,\"name\":\"Osved\u010denia\"}]},{\"@type\":\"WebSite\",\"@id\":\"https:\/\/www.pariter.sk\/#website\",\"url\":\"https:\/\/www.pariter.sk\/\",\"name\":\"PARITER\",\"description\":\"\",\"publisher\":{\"@id\":\"https:\/\/www.pariter.sk\/#organization\"},\"potentialAction\":[{\"@type\":\"SearchAction\",\"target\":{\"@type\":\"EntryPoint\",\"urlTemplate\":\"https:\/\/www.pariter.sk\/?s={search_term_string}\"},\"query-input\":{\"@type\":\"PropertyValueSpecification\",\"valueRequired\":true,\"valueName\":\"search_term_string\"}}],\"inLanguage\":\"sk-SK\"},{\"@type\":\"Organization\",\"@id\":\"https:\/\/www.pariter.sk\/#organization\",\"name\":\"Pariter s.r.o.\",\"url\":\"https:\/\/www.pariter.sk\/\",\"logo\":{\"@type\":\"ImageObject\",\"inLanguage\":\"sk-SK\",\"@id\":\"https:\/\/www.pariter.sk\/#\/schema\/logo\/image\/\",\"url\":\"https:\/\/www.pariter.sk\/wp-content\/uploads\/2021\/05\/logo.jpg\",\"contentUrl\":\"https:\/\/www.pariter.sk\/wp-content\/uploads\/2021\/05\/logo.jpg\",\"width\":450,\"height\":72,\"caption\":\"Pariter s.r.o.\"},\"image\":{\"@id\":\"https:\/\/www.pariter.sk\/#\/schema\/logo\/image\/\"}}]}<\/script>\n<!-- \/ Yoast SEO plugin. -->","yoast_head_json":{"title":"Osved\u010denia - PARITER","robots":{"index":"index","follow":"follow","max-snippet":"max-snippet:-1","max-image-preview":"max-image-preview:large","max-video-preview":"max-video-preview:-1"},"canonical":"https:\/\/www.pariter.sk\/?page_id=32","og_locale":"sk_SK","og_type":"article","og_title":"Osved\u010denia - PARITER","og_description":"Certifik\u00e1ty V\u00fdpis z obchodn\u00e9ho registra","og_url":"https:\/\/www.pariter.sk\/?page_id=32","og_site_name":"PARITER","article_modified_time":"2024-11-13T15:04:09+00:00","og_image":[{"width":1806,"height":2560,"url":"https:\/\/www.pariter.sk\/wp-content\/uploads\/2022\/08\/certifikat-KROS-scaled.jpg","type":"image\/jpeg"}],"twitter_card":"summary_large_image","twitter_misc":{"Predpokladan\u00fd \u010das \u010d\u00edtania":"3 min\u00faty"},"schema":{"@context":"https:\/\/schema.org","@graph":[{"@type":"WebPage","@id":"https:\/\/www.pariter.sk\/?page_id=32","url":"https:\/\/www.pariter.sk\/?page_id=32","name":"Osved\u010denia - PARITER","isPartOf":{"@id":"https:\/\/www.pariter.sk\/#website"},"primaryImageOfPage":{"@id":"https:\/\/www.pariter.sk\/?page_id=32#primaryimage"},"image":{"@id":"https:\/\/www.pariter.sk\/?page_id=32#primaryimage"},"thumbnailUrl":"https:\/\/www.pariter.sk\/wp-content\/uploads\/2022\/08\/certifikat-KROS-722x1024.jpg","datePublished":"2021-07-28T12:57:50+00:00","dateModified":"2024-11-13T15:04:09+00:00","breadcrumb":{"@id":"https:\/\/www.pariter.sk\/?page_id=32#breadcrumb"},"inLanguage":"sk-SK","potentialAction":[{"@type":"ReadAction","target":["https:\/\/www.pariter.sk\/?page_id=32"]}]},{"@type":"ImageObject","inLanguage":"sk-SK","@id":"https:\/\/www.pariter.sk\/?page_id=32#primaryimage","url":"https:\/\/www.pariter.sk\/wp-content\/uploads\/2022\/08\/certifikat-KROS-scaled.jpg","contentUrl":"https:\/\/www.pariter.sk\/wp-content\/uploads\/2022\/08\/certifikat-KROS-scaled.jpg","width":1806,"height":2560},{"@type":"BreadcrumbList","@id":"https:\/\/www.pariter.sk\/?page_id=32#breadcrumb","itemListElement":[{"@type":"ListItem","position":1,"name":"Home","item":"https:\/\/www.pariter.sk\/"},{"@type":"ListItem","position":2,"name":"Osved\u010denia"}]},{"@type":"WebSite","@id":"https:\/\/www.pariter.sk\/#website","url":"https:\/\/www.pariter.sk\/","name":"PARITER","description":"","publisher":{"@id":"https:\/\/www.pariter.sk\/#organization"},"potentialAction":[{"@type":"SearchAction","target":{"@type":"EntryPoint","urlTemplate":"https:\/\/www.pariter.sk\/?s={search_term_string}"},"query-input":{"@type":"PropertyValueSpecification","valueRequired":true,"valueName":"search_term_string"}}],"inLanguage":"sk-SK"},{"@type":"Organization","@id":"https:\/\/www.pariter.sk\/#organization","name":"Pariter s.r.o.","url":"https:\/\/www.pariter.sk\/","logo":{"@type":"ImageObject","inLanguage":"sk-SK","@id":"https:\/\/www.pariter.sk\/#\/schema\/logo\/image\/","url":"https:\/\/www.pariter.sk\/wp-content\/uploads\/2021\/05\/logo.jpg","contentUrl":"https:\/\/www.pariter.sk\/wp-content\/uploads\/2021\/05\/logo.jpg","width":450,"height":72,"caption":"Pariter s.r.o."},"image":{"@id":"https:\/\/www.pariter.sk\/#\/schema\/logo\/image\/"}}]}},"_links":{"self":[{"href":"https:\/\/www.pariter.sk\/index.php?rest_route=\/wp\/v2\/pages\/32","targetHints":{"allow":["GET"]}}],"collection":[{"href":"https:\/\/www.pariter.sk\/index.php?rest_route=\/wp\/v2\/pages"}],"about":[{"href":"https:\/\/www.pariter.sk\/index.php?rest_route=\/wp\/v2\/types\/page"}],"author":[{"embeddable":true,"href":"https:\/\/www.pariter.sk\/index.php?rest_route=\/wp\/v2\/users\/1"}],"replies":[{"embeddable":true,"href":"https:\/\/www.pariter.sk\/index.php?rest_route=%2Fwp%2Fv2%2Fcomments&post=32"}],"version-history":[{"count":5,"href":"https:\/\/www.pariter.sk\/index.php?rest_route=\/wp\/v2\/pages\/32\/revisions"}],"predecessor-version":[{"id":378,"href":"https:\/\/www.pariter.sk\/index.php?rest_route=\/wp\/v2\/pages\/32\/revisions\/378"}],"wp:attachment":[{"href":"https:\/\/www.pariter.sk\/index.php?rest_route=%2Fwp%2Fv2%2Fmedia&parent=32"}],"curies":[{"name":"wp","href":"https:\/\/api.w.org\/{rel}","templated":true}]}}