{"id":38,"date":"2021-07-28T14:58:54","date_gmt":"2021-07-28T12:58:54","guid":{"rendered":"https:\/\/www.pariter.sk\/?page_id=38"},"modified":"2021-10-26T10:21:23","modified_gmt":"2021-10-26T08:21:23","slug":"kontakty","status":"publish","type":"page","link":"https:\/\/www.pariter.sk\/?page_id=38","title":{"rendered":"Kontakty"},"content":{"rendered":"\n<h1 class=\"wp-block-heading\"><strong>KONTAKT<\/strong><\/h1>\n\n\n\n<p><strong>Pariter s.r.o.<\/strong><br>Hliny 1199\/22, Pova\u017esk\u00e1 Bystrica<\/p>\n\n\n\n<p><strong>Telef\u00f3nne \u010d\u00edslo:<\/strong><br>+421 904 878 318 \/ +421 911 262 782<\/p>\n\n\n\n<p><strong>Email adresa:<\/strong><br>pariter@pariter.sk<\/p>\n\n\n\n<figure class=\"wp-block-image size-full\"><img loading=\"lazy\" decoding=\"async\" width=\"711\" height=\"529\" src=\"https:\/\/www.pariter.sk\/wp-content\/uploads\/2021\/10\/pariter.png\" alt=\"\" class=\"wp-image-311\" srcset=\"https:\/\/www.pariter.sk\/wp-content\/uploads\/2021\/10\/pariter.png 711w, https:\/\/www.pariter.sk\/wp-content\/uploads\/2021\/10\/pariter-300x223.png 300w\" sizes=\"auto, (max-width: 711px) 100vw, 711px\" \/><\/figure>\n\n\n\n<p><\/p>\n","protected":false},"excerpt":{"rendered":"<p>KONTAKT Pariter s.r.o.Hliny 1199\/22, Pova\u017esk\u00e1 Bystrica Telef\u00f3nne \u010d\u00edslo:+421 904 878 318 \/ +421 911 262 782 Email adresa:pariter@pariter.sk<\/p>\n","protected":false},"author":1,"featured_media":0,"parent":0,"menu_order":0,"comment_status":"closed","ping_status":"closed","template":"","meta":{"_monsterinsights_skip_tracking":false,"_monsterinsights_sitenote_active":false,"_monsterinsights_sitenote_note":"","_monsterinsights_sitenote_category":0,"footnotes":""},"class_list":["post-38","page","type-page","status-publish","hentry"],"yoast_head":"<!-- This site is optimized with the Yoast SEO plugin v23.9 - https:\/\/yoast.com\/wordpress\/plugins\/seo\/ -->\n<title>Kontakty - PARITER<\/title>\n<meta name=\"robots\" content=\"index, follow, max-snippet:-1, max-image-preview:large, max-video-preview:-1\" \/>\n<link rel=\"canonical\" href=\"https:\/\/www.pariter.sk\/?page_id=38\" \/>\n<meta property=\"og:locale\" content=\"sk_SK\" \/>\n<meta property=\"og:type\" content=\"article\" \/>\n<meta property=\"og:title\" content=\"Kontakty - PARITER\" \/>\n<meta property=\"og:description\" content=\"KONTAKT Pariter s.r.o.Hliny 1199\/22, Pova\u017esk\u00e1 Bystrica Telef\u00f3nne \u010d\u00edslo:+421 904 878 318 \/ +421 911 262 782 Email adresa:pariter@pariter.sk\" \/>\n<meta property=\"og:url\" content=\"https:\/\/www.pariter.sk\/?page_id=38\" \/>\n<meta property=\"og:site_name\" content=\"PARITER\" \/>\n<meta property=\"article:modified_time\" content=\"2021-10-26T08:21:23+00:00\" \/>\n<meta property=\"og:image\" content=\"https:\/\/www.pariter.sk\/wp-content\/uploads\/2021\/10\/pariter.png\" \/>\n<meta name=\"twitter:card\" content=\"summary_large_image\" \/>\n<meta name=\"twitter:label1\" content=\"Predpokladan\u00fd \u010das \u010d\u00edtania\" \/>\n\t<meta name=\"twitter:data1\" content=\"1 min\u00fata\" \/>\n<script type=\"application\/ld+json\" class=\"yoast-schema-graph\">{\"@context\":\"https:\/\/schema.org\",\"@graph\":[{\"@type\":\"WebPage\",\"@id\":\"https:\/\/www.pariter.sk\/?page_id=38\",\"url\":\"https:\/\/www.pariter.sk\/?page_id=38\",\"name\":\"Kontakty - PARITER\",\"isPartOf\":{\"@id\":\"https:\/\/www.pariter.sk\/#website\"},\"primaryImageOfPage\":{\"@id\":\"https:\/\/www.pariter.sk\/?page_id=38#primaryimage\"},\"image\":{\"@id\":\"https:\/\/www.pariter.sk\/?page_id=38#primaryimage\"},\"thumbnailUrl\":\"https:\/\/www.pariter.sk\/wp-content\/uploads\/2021\/10\/pariter.png\",\"datePublished\":\"2021-07-28T12:58:54+00:00\",\"dateModified\":\"2021-10-26T08:21:23+00:00\",\"breadcrumb\":{\"@id\":\"https:\/\/www.pariter.sk\/?page_id=38#breadcrumb\"},\"inLanguage\":\"sk-SK\",\"potentialAction\":[{\"@type\":\"ReadAction\",\"target\":[\"https:\/\/www.pariter.sk\/?page_id=38\"]}]},{\"@type\":\"ImageObject\",\"inLanguage\":\"sk-SK\",\"@id\":\"https:\/\/www.pariter.sk\/?page_id=38#primaryimage\",\"url\":\"https:\/\/www.pariter.sk\/wp-content\/uploads\/2021\/10\/pariter.png\",\"contentUrl\":\"https:\/\/www.pariter.sk\/wp-content\/uploads\/2021\/10\/pariter.png\",\"width\":711,\"height\":529},{\"@type\":\"BreadcrumbList\",\"@id\":\"https:\/\/www.pariter.sk\/?page_id=38#breadcrumb\",\"itemListElement\":[{\"@type\":\"ListItem\",\"position\":1,\"name\":\"Home\",\"item\":\"https:\/\/www.pariter.sk\/\"},{\"@type\":\"ListItem\",\"position\":2,\"name\":\"Kontakty\"}]},{\"@type\":\"WebSite\",\"@id\":\"https:\/\/www.pariter.sk\/#website\",\"url\":\"https:\/\/www.pariter.sk\/\",\"name\":\"PARITER\",\"description\":\"\",\"publisher\":{\"@id\":\"https:\/\/www.pariter.sk\/#organization\"},\"potentialAction\":[{\"@type\":\"SearchAction\",\"target\":{\"@type\":\"EntryPoint\",\"urlTemplate\":\"https:\/\/www.pariter.sk\/?s={search_term_string}\"},\"query-input\":{\"@type\":\"PropertyValueSpecification\",\"valueRequired\":true,\"valueName\":\"search_term_string\"}}],\"inLanguage\":\"sk-SK\"},{\"@type\":\"Organization\",\"@id\":\"https:\/\/www.pariter.sk\/#organization\",\"name\":\"Pariter s.r.o.\",\"url\":\"https:\/\/www.pariter.sk\/\",\"logo\":{\"@type\":\"ImageObject\",\"inLanguage\":\"sk-SK\",\"@id\":\"https:\/\/www.pariter.sk\/#\/schema\/logo\/image\/\",\"url\":\"https:\/\/www.pariter.sk\/wp-content\/uploads\/2021\/05\/logo.jpg\",\"contentUrl\":\"https:\/\/www.pariter.sk\/wp-content\/uploads\/2021\/05\/logo.jpg\",\"width\":450,\"height\":72,\"caption\":\"Pariter s.r.o.\"},\"image\":{\"@id\":\"https:\/\/www.pariter.sk\/#\/schema\/logo\/image\/\"}}]}<\/script>\n<!-- \/ Yoast SEO plugin. -->","yoast_head_json":{"title":"Kontakty - PARITER","robots":{"index":"index","follow":"follow","max-snippet":"max-snippet:-1","max-image-preview":"max-image-preview:large","max-video-preview":"max-video-preview:-1"},"canonical":"https:\/\/www.pariter.sk\/?page_id=38","og_locale":"sk_SK","og_type":"article","og_title":"Kontakty - PARITER","og_description":"KONTAKT Pariter s.r.o.Hliny 1199\/22, Pova\u017esk\u00e1 Bystrica Telef\u00f3nne \u010d\u00edslo:+421 904 878 318 \/ +421 911 262 782 Email adresa:pariter@pariter.sk","og_url":"https:\/\/www.pariter.sk\/?page_id=38","og_site_name":"PARITER","article_modified_time":"2021-10-26T08:21:23+00:00","og_image":[{"url":"https:\/\/www.pariter.sk\/wp-content\/uploads\/2021\/10\/pariter.png"}],"twitter_card":"summary_large_image","twitter_misc":{"Predpokladan\u00fd \u010das \u010d\u00edtania":"1 min\u00fata"},"schema":{"@context":"https:\/\/schema.org","@graph":[{"@type":"WebPage","@id":"https:\/\/www.pariter.sk\/?page_id=38","url":"https:\/\/www.pariter.sk\/?page_id=38","name":"Kontakty - PARITER","isPartOf":{"@id":"https:\/\/www.pariter.sk\/#website"},"primaryImageOfPage":{"@id":"https:\/\/www.pariter.sk\/?page_id=38#primaryimage"},"image":{"@id":"https:\/\/www.pariter.sk\/?page_id=38#primaryimage"},"thumbnailUrl":"https:\/\/www.pariter.sk\/wp-content\/uploads\/2021\/10\/pariter.png","datePublished":"2021-07-28T12:58:54+00:00","dateModified":"2021-10-26T08:21:23+00:00","breadcrumb":{"@id":"https:\/\/www.pariter.sk\/?page_id=38#breadcrumb"},"inLanguage":"sk-SK","potentialAction":[{"@type":"ReadAction","target":["https:\/\/www.pariter.sk\/?page_id=38"]}]},{"@type":"ImageObject","inLanguage":"sk-SK","@id":"https:\/\/www.pariter.sk\/?page_id=38#primaryimage","url":"https:\/\/www.pariter.sk\/wp-content\/uploads\/2021\/10\/pariter.png","contentUrl":"https:\/\/www.pariter.sk\/wp-content\/uploads\/2021\/10\/pariter.png","width":711,"height":529},{"@type":"BreadcrumbList","@id":"https:\/\/www.pariter.sk\/?page_id=38#breadcrumb","itemListElement":[{"@type":"ListItem","position":1,"name":"Home","item":"https:\/\/www.pariter.sk\/"},{"@type":"ListItem","position":2,"name":"Kontakty"}]},{"@type":"WebSite","@id":"https:\/\/www.pariter.sk\/#website","url":"https:\/\/www.pariter.sk\/","name":"PARITER","description":"","publisher":{"@id":"https:\/\/www.pariter.sk\/#organization"},"potentialAction":[{"@type":"SearchAction","target":{"@type":"EntryPoint","urlTemplate":"https:\/\/www.pariter.sk\/?s={search_term_string}"},"query-input":{"@type":"PropertyValueSpecification","valueRequired":true,"valueName":"search_term_string"}}],"inLanguage":"sk-SK"},{"@type":"Organization","@id":"https:\/\/www.pariter.sk\/#organization","name":"Pariter s.r.o.","url":"https:\/\/www.pariter.sk\/","logo":{"@type":"ImageObject","inLanguage":"sk-SK","@id":"https:\/\/www.pariter.sk\/#\/schema\/logo\/image\/","url":"https:\/\/www.pariter.sk\/wp-content\/uploads\/2021\/05\/logo.jpg","contentUrl":"https:\/\/www.pariter.sk\/wp-content\/uploads\/2021\/05\/logo.jpg","width":450,"height":72,"caption":"Pariter s.r.o."},"image":{"@id":"https:\/\/www.pariter.sk\/#\/schema\/logo\/image\/"}}]}},"_links":{"self":[{"href":"https:\/\/www.pariter.sk\/index.php?rest_route=\/wp\/v2\/pages\/38","targetHints":{"allow":["GET"]}}],"collection":[{"href":"https:\/\/www.pariter.sk\/index.php?rest_route=\/wp\/v2\/pages"}],"about":[{"href":"https:\/\/www.pariter.sk\/index.php?rest_route=\/wp\/v2\/types\/page"}],"author":[{"embeddable":true,"href":"https:\/\/www.pariter.sk\/index.php?rest_route=\/wp\/v2\/users\/1"}],"replies":[{"embeddable":true,"href":"https:\/\/www.pariter.sk\/index.php?rest_route=%2Fwp%2Fv2%2Fcomments&post=38"}],"version-history":[{"count":5,"href":"https:\/\/www.pariter.sk\/index.php?rest_route=\/wp\/v2\/pages\/38\/revisions"}],"predecessor-version":[{"id":312,"href":"https:\/\/www.pariter.sk\/index.php?rest_route=\/wp\/v2\/pages\/38\/revisions\/312"}],"wp:attachment":[{"href":"https:\/\/www.pariter.sk\/index.php?rest_route=%2Fwp%2Fv2%2Fmedia&parent=38"}],"curies":[{"name":"wp","href":"https:\/\/api.w.org\/{rel}","templated":true}]}}