{"id":70,"date":"2021-07-28T15:57:36","date_gmt":"2021-07-28T13:57:36","guid":{"rendered":"https:\/\/www.pariter.sk\/?page_id=70"},"modified":"2021-07-28T18:58:23","modified_gmt":"2021-07-28T16:58:23","slug":"energeticke-certifikaty","status":"publish","type":"page","link":"https:\/\/www.pariter.sk\/?page_id=70","title":{"rendered":"Energetick\u00e9 certifik\u00e1ty"},"content":{"rendered":"\n<p>Problematika&nbsp;Energetickej certifik\u00e1cie je spracovan\u00e1 v z\u00e1kone NRSR \u010d. 555\/2005 Z. z. o energetickej hospod\u00e1rnosti budovv znen\u00ed neskor\u0161\u00edch z\u00e1konov.<\/p>\n\n\n\n<p><strong>Certifik\u00e1cia budov je povinn\u00e1 pre:<\/strong><\/p>\n\n\n\n<ul class=\"wp-block-list\"><li>rodinn\u00e9 domy<\/li><li>bytov\u00e9 domy<\/li><li>administrat\u00edvne budovy<\/li><li>budovy \u0161k\u00f4l a \u0161kolsk\u00fdch zariaden\u00ed<\/li><li>budovy nemocn\u00edc<\/li><li>budovy hotelov a re\u0161taur\u00e1ci\u00ed<\/li><li>\u0161portov\u00e9 haly a in\u00e9 budovy ur\u010den\u00e9 na \u0161port<\/li><li>budovy pre ve\u013ekoobchodn\u00e9 a maloobchodn\u00e9 slu\u017eby<\/li><li>ostatn\u00e9 nev\u00fdrobn\u00e9 budovy spotrebuj\u00face energiu<\/li><\/ul>\n\n\n\n<p>Energetickou certifik\u00e1ciou sa budovy zatrie\u010fuj\u00fa do tried A a\u017e G,&nbsp;<strong>je&nbsp;<\/strong><em><strong>povinn\u00e1 pri predaji, pren\u00e1jme a kolaud\u00e1cii.<\/strong><\/em><\/p>\n\n\n\n<p>Pon\u00fakame V\u00e1m komplexn\u00e9 vypracovanie energetick\u00fdch certifik\u00e1tov budov, vr\u00e1tane obhliadky objektu a n\u00e1vrhu pr\u00edpadn\u00fdch opatren\u00ed na zlep\u0161enie energetickej hospod\u00e1rnosti budovy. V\u0161etky potrebn\u00e9 \u00fadaje na vypracovanie energetick\u00e9ho certifik\u00e1tu budovy si od V\u00e1s zabezpe\u010d\u00edme po\u010das kvalifikovanej obhliadky objektu . Pr\u00e1ve osobnou obhliadkou objektu a rozsahom spracovania certifik\u00e1tu sa v pozit\u00edvnom smere odli\u0161ujeme od ve\u013ea in\u00fdch spolo\u010dnost\u00ed p\u00f4sobiacich v energetickej certifik\u00e1cii budov. Energetick\u00fd certifik\u00e1t budov V\u00e1m vypracujeme na v\u0161etky, z\u00e1konom stanoven\u00e9 objekty.<\/p>\n","protected":false},"excerpt":{"rendered":"<p>Problematika&nbsp;Energetickej certifik\u00e1cie je spracovan\u00e1 v z\u00e1kone NRSR \u010d. 555\/2005 Z. z. o energetickej hospod\u00e1rnosti budovv znen\u00ed neskor\u0161\u00edch z\u00e1konov. Certifik\u00e1cia budov je povinn\u00e1 pre: rodinn\u00e9 domy bytov\u00e9 domy administrat\u00edvne budovy budovy \u0161k\u00f4l a \u0161kolsk\u00fdch zariaden\u00ed budovy nemocn\u00edc budovy hotelov a re\u0161taur\u00e1ci\u00ed \u0161portov\u00e9 haly a in\u00e9 budovy ur\u010den\u00e9 na \u0161port budovy pre ve\u013ekoobchodn\u00e9 a maloobchodn\u00e9 slu\u017eby ostatn\u00e9 [&hellip;]<\/p>\n","protected":false},"author":1,"featured_media":0,"parent":0,"menu_order":0,"comment_status":"closed","ping_status":"closed","template":"","meta":{"_monsterinsights_skip_tracking":false,"_monsterinsights_sitenote_active":false,"_monsterinsights_sitenote_note":"","_monsterinsights_sitenote_category":0,"footnotes":""},"class_list":["post-70","page","type-page","status-publish","hentry"],"yoast_head":"<!-- This site is optimized with the Yoast SEO plugin v23.9 - https:\/\/yoast.com\/wordpress\/plugins\/seo\/ -->\n<title>Energetick\u00e9 certifik\u00e1ty - PARITER<\/title>\n<meta name=\"robots\" content=\"index, follow, max-snippet:-1, max-image-preview:large, max-video-preview:-1\" \/>\n<link rel=\"canonical\" href=\"https:\/\/www.pariter.sk\/?page_id=70\" \/>\n<meta property=\"og:locale\" content=\"sk_SK\" \/>\n<meta property=\"og:type\" content=\"article\" \/>\n<meta property=\"og:title\" content=\"Energetick\u00e9 certifik\u00e1ty - PARITER\" \/>\n<meta property=\"og:description\" content=\"Problematika&nbsp;Energetickej certifik\u00e1cie je spracovan\u00e1 v z\u00e1kone NRSR \u010d. 555\/2005 Z. z. o energetickej hospod\u00e1rnosti budovv znen\u00ed neskor\u0161\u00edch z\u00e1konov. Certifik\u00e1cia budov je povinn\u00e1 pre: rodinn\u00e9 domy bytov\u00e9 domy administrat\u00edvne budovy budovy \u0161k\u00f4l a \u0161kolsk\u00fdch zariaden\u00ed budovy nemocn\u00edc budovy hotelov a re\u0161taur\u00e1ci\u00ed \u0161portov\u00e9 haly a in\u00e9 budovy ur\u010den\u00e9 na \u0161port budovy pre ve\u013ekoobchodn\u00e9 a maloobchodn\u00e9 slu\u017eby ostatn\u00e9 [&hellip;]\" \/>\n<meta property=\"og:url\" content=\"https:\/\/www.pariter.sk\/?page_id=70\" \/>\n<meta property=\"og:site_name\" content=\"PARITER\" \/>\n<meta property=\"article:modified_time\" content=\"2021-07-28T16:58:23+00:00\" \/>\n<meta name=\"twitter:card\" content=\"summary_large_image\" \/>\n<meta name=\"twitter:label1\" content=\"Predpokladan\u00fd \u010das \u010d\u00edtania\" \/>\n\t<meta name=\"twitter:data1\" content=\"1 min\u00fata\" \/>\n<script type=\"application\/ld+json\" class=\"yoast-schema-graph\">{\"@context\":\"https:\/\/schema.org\",\"@graph\":[{\"@type\":\"WebPage\",\"@id\":\"https:\/\/www.pariter.sk\/?page_id=70\",\"url\":\"https:\/\/www.pariter.sk\/?page_id=70\",\"name\":\"Energetick\u00e9 certifik\u00e1ty - PARITER\",\"isPartOf\":{\"@id\":\"https:\/\/www.pariter.sk\/#website\"},\"datePublished\":\"2021-07-28T13:57:36+00:00\",\"dateModified\":\"2021-07-28T16:58:23+00:00\",\"breadcrumb\":{\"@id\":\"https:\/\/www.pariter.sk\/?page_id=70#breadcrumb\"},\"inLanguage\":\"sk-SK\",\"potentialAction\":[{\"@type\":\"ReadAction\",\"target\":[\"https:\/\/www.pariter.sk\/?page_id=70\"]}]},{\"@type\":\"BreadcrumbList\",\"@id\":\"https:\/\/www.pariter.sk\/?page_id=70#breadcrumb\",\"itemListElement\":[{\"@type\":\"ListItem\",\"position\":1,\"name\":\"Home\",\"item\":\"https:\/\/www.pariter.sk\/\"},{\"@type\":\"ListItem\",\"position\":2,\"name\":\"Energetick\u00e9 certifik\u00e1ty\"}]},{\"@type\":\"WebSite\",\"@id\":\"https:\/\/www.pariter.sk\/#website\",\"url\":\"https:\/\/www.pariter.sk\/\",\"name\":\"PARITER\",\"description\":\"\",\"publisher\":{\"@id\":\"https:\/\/www.pariter.sk\/#organization\"},\"potentialAction\":[{\"@type\":\"SearchAction\",\"target\":{\"@type\":\"EntryPoint\",\"urlTemplate\":\"https:\/\/www.pariter.sk\/?s={search_term_string}\"},\"query-input\":{\"@type\":\"PropertyValueSpecification\",\"valueRequired\":true,\"valueName\":\"search_term_string\"}}],\"inLanguage\":\"sk-SK\"},{\"@type\":\"Organization\",\"@id\":\"https:\/\/www.pariter.sk\/#organization\",\"name\":\"Pariter s.r.o.\",\"url\":\"https:\/\/www.pariter.sk\/\",\"logo\":{\"@type\":\"ImageObject\",\"inLanguage\":\"sk-SK\",\"@id\":\"https:\/\/www.pariter.sk\/#\/schema\/logo\/image\/\",\"url\":\"https:\/\/www.pariter.sk\/wp-content\/uploads\/2021\/05\/logo.jpg\",\"contentUrl\":\"https:\/\/www.pariter.sk\/wp-content\/uploads\/2021\/05\/logo.jpg\",\"width\":450,\"height\":72,\"caption\":\"Pariter s.r.o.\"},\"image\":{\"@id\":\"https:\/\/www.pariter.sk\/#\/schema\/logo\/image\/\"}}]}<\/script>\n<!-- \/ Yoast SEO plugin. -->","yoast_head_json":{"title":"Energetick\u00e9 certifik\u00e1ty - PARITER","robots":{"index":"index","follow":"follow","max-snippet":"max-snippet:-1","max-image-preview":"max-image-preview:large","max-video-preview":"max-video-preview:-1"},"canonical":"https:\/\/www.pariter.sk\/?page_id=70","og_locale":"sk_SK","og_type":"article","og_title":"Energetick\u00e9 certifik\u00e1ty - PARITER","og_description":"Problematika&nbsp;Energetickej certifik\u00e1cie je spracovan\u00e1 v z\u00e1kone NRSR \u010d. 555\/2005 Z. z. o energetickej hospod\u00e1rnosti budovv znen\u00ed neskor\u0161\u00edch z\u00e1konov. Certifik\u00e1cia budov je povinn\u00e1 pre: rodinn\u00e9 domy bytov\u00e9 domy administrat\u00edvne budovy budovy \u0161k\u00f4l a \u0161kolsk\u00fdch zariaden\u00ed budovy nemocn\u00edc budovy hotelov a re\u0161taur\u00e1ci\u00ed \u0161portov\u00e9 haly a in\u00e9 budovy ur\u010den\u00e9 na \u0161port budovy pre ve\u013ekoobchodn\u00e9 a maloobchodn\u00e9 slu\u017eby ostatn\u00e9 [&hellip;]","og_url":"https:\/\/www.pariter.sk\/?page_id=70","og_site_name":"PARITER","article_modified_time":"2021-07-28T16:58:23+00:00","twitter_card":"summary_large_image","twitter_misc":{"Predpokladan\u00fd \u010das \u010d\u00edtania":"1 min\u00fata"},"schema":{"@context":"https:\/\/schema.org","@graph":[{"@type":"WebPage","@id":"https:\/\/www.pariter.sk\/?page_id=70","url":"https:\/\/www.pariter.sk\/?page_id=70","name":"Energetick\u00e9 certifik\u00e1ty - PARITER","isPartOf":{"@id":"https:\/\/www.pariter.sk\/#website"},"datePublished":"2021-07-28T13:57:36+00:00","dateModified":"2021-07-28T16:58:23+00:00","breadcrumb":{"@id":"https:\/\/www.pariter.sk\/?page_id=70#breadcrumb"},"inLanguage":"sk-SK","potentialAction":[{"@type":"ReadAction","target":["https:\/\/www.pariter.sk\/?page_id=70"]}]},{"@type":"BreadcrumbList","@id":"https:\/\/www.pariter.sk\/?page_id=70#breadcrumb","itemListElement":[{"@type":"ListItem","position":1,"name":"Home","item":"https:\/\/www.pariter.sk\/"},{"@type":"ListItem","position":2,"name":"Energetick\u00e9 certifik\u00e1ty"}]},{"@type":"WebSite","@id":"https:\/\/www.pariter.sk\/#website","url":"https:\/\/www.pariter.sk\/","name":"PARITER","description":"","publisher":{"@id":"https:\/\/www.pariter.sk\/#organization"},"potentialAction":[{"@type":"SearchAction","target":{"@type":"EntryPoint","urlTemplate":"https:\/\/www.pariter.sk\/?s={search_term_string}"},"query-input":{"@type":"PropertyValueSpecification","valueRequired":true,"valueName":"search_term_string"}}],"inLanguage":"sk-SK"},{"@type":"Organization","@id":"https:\/\/www.pariter.sk\/#organization","name":"Pariter s.r.o.","url":"https:\/\/www.pariter.sk\/","logo":{"@type":"ImageObject","inLanguage":"sk-SK","@id":"https:\/\/www.pariter.sk\/#\/schema\/logo\/image\/","url":"https:\/\/www.pariter.sk\/wp-content\/uploads\/2021\/05\/logo.jpg","contentUrl":"https:\/\/www.pariter.sk\/wp-content\/uploads\/2021\/05\/logo.jpg","width":450,"height":72,"caption":"Pariter s.r.o."},"image":{"@id":"https:\/\/www.pariter.sk\/#\/schema\/logo\/image\/"}}]}},"_links":{"self":[{"href":"https:\/\/www.pariter.sk\/index.php?rest_route=\/wp\/v2\/pages\/70","targetHints":{"allow":["GET"]}}],"collection":[{"href":"https:\/\/www.pariter.sk\/index.php?rest_route=\/wp\/v2\/pages"}],"about":[{"href":"https:\/\/www.pariter.sk\/index.php?rest_route=\/wp\/v2\/types\/page"}],"author":[{"embeddable":true,"href":"https:\/\/www.pariter.sk\/index.php?rest_route=\/wp\/v2\/users\/1"}],"replies":[{"embeddable":true,"href":"https:\/\/www.pariter.sk\/index.php?rest_route=%2Fwp%2Fv2%2Fcomments&post=70"}],"version-history":[{"count":2,"href":"https:\/\/www.pariter.sk\/index.php?rest_route=\/wp\/v2\/pages\/70\/revisions"}],"predecessor-version":[{"id":92,"href":"https:\/\/www.pariter.sk\/index.php?rest_route=\/wp\/v2\/pages\/70\/revisions\/92"}],"wp:attachment":[{"href":"https:\/\/www.pariter.sk\/index.php?rest_route=%2Fwp%2Fv2%2Fmedia&parent=70"}],"curies":[{"name":"wp","href":"https:\/\/api.w.org\/{rel}","templated":true}]}}