{"id":88,"date":"2021-07-28T16:02:35","date_gmt":"2021-07-28T14:02:35","guid":{"rendered":"https:\/\/www.pariter.sk\/?page_id=88"},"modified":"2021-07-28T16:48:20","modified_gmt":"2021-07-28T14:48:20","slug":"projekty-2","status":"publish","type":"page","link":"https:\/\/www.pariter.sk\/?page_id=88","title":{"rendered":"Projekty"},"content":{"rendered":"\n<p><strong>Zrealizovan\u00e9 projekty pozemn\u00fdch stavieb<\/strong><\/p>\n\n\n\n<figure class=\"wp-block-image size-full\"><img loading=\"lazy\" decoding=\"async\" width=\"1024\" height=\"660\" src=\"https:\/\/www.pariter.sk\/wp-content\/uploads\/2021\/07\/pk1.jpg\" alt=\"\" class=\"wp-image-148\" srcset=\"https:\/\/www.pariter.sk\/wp-content\/uploads\/2021\/07\/pk1.jpg 1024w, https:\/\/www.pariter.sk\/wp-content\/uploads\/2021\/07\/pk1-300x193.jpg 300w, https:\/\/www.pariter.sk\/wp-content\/uploads\/2021\/07\/pk1-768x495.jpg 768w, https:\/\/www.pariter.sk\/wp-content\/uploads\/2021\/07\/pk1-2x1.jpg 2w\" sizes=\"auto, (max-width: 1024px) 100vw, 1024px\" \/><figcaption>Rodinn\u00fd dom &#8211; Pova\u017esk\u00e1 Bystrica<\/figcaption><\/figure>\n\n\n\n<figure class=\"wp-block-image size-large\"><img loading=\"lazy\" decoding=\"async\" width=\"1024\" height=\"575\" src=\"https:\/\/www.pariter.sk\/wp-content\/uploads\/2021\/07\/pk2-1024x575.jpg\" alt=\"\" class=\"wp-image-150\" srcset=\"https:\/\/www.pariter.sk\/wp-content\/uploads\/2021\/07\/pk2-1024x575.jpg 1024w, https:\/\/www.pariter.sk\/wp-content\/uploads\/2021\/07\/pk2-300x168.jpg 300w, https:\/\/www.pariter.sk\/wp-content\/uploads\/2021\/07\/pk2-768x431.jpg 768w, https:\/\/www.pariter.sk\/wp-content\/uploads\/2021\/07\/pk2-2x1.jpg 2w, https:\/\/www.pariter.sk\/wp-content\/uploads\/2021\/07\/pk2.jpg 1387w\" sizes=\"auto, (max-width: 1024px) 100vw, 1024px\" \/><figcaption>S\u00eddlo firmy LB Trading<\/figcaption><\/figure>\n\n\n\n<figure class=\"wp-block-image size-full\"><img loading=\"lazy\" decoding=\"async\" width=\"700\" height=\"525\" src=\"https:\/\/www.pariter.sk\/wp-content\/uploads\/2021\/07\/pks.jpg\" alt=\"\" class=\"wp-image-151\" srcset=\"https:\/\/www.pariter.sk\/wp-content\/uploads\/2021\/07\/pks.jpg 700w, https:\/\/www.pariter.sk\/wp-content\/uploads\/2021\/07\/pks-300x225.jpg 300w, https:\/\/www.pariter.sk\/wp-content\/uploads\/2021\/07\/pks-1x1.jpg 1w\" sizes=\"auto, (max-width: 700px) 100vw, 700px\" \/><figcaption>Prev\u00e1dzkov\u00e1 budova DI CONSULTING &#8211; Pova\u017esk\u00e1 Bystrica<\/figcaption><\/figure>\n\n\n\n<figure class=\"wp-block-image size-full\"><img loading=\"lazy\" decoding=\"async\" width=\"700\" height=\"525\" src=\"https:\/\/www.pariter.sk\/wp-content\/uploads\/2021\/07\/pkc.jpg\" alt=\"\" class=\"wp-image-152\" srcset=\"https:\/\/www.pariter.sk\/wp-content\/uploads\/2021\/07\/pkc.jpg 700w, https:\/\/www.pariter.sk\/wp-content\/uploads\/2021\/07\/pkc-300x225.jpg 300w, https:\/\/www.pariter.sk\/wp-content\/uploads\/2021\/07\/pkc-1x1.jpg 1w\" sizes=\"auto, (max-width: 700px) 100vw, 700px\" \/><figcaption>Penzi\u00f3n Agrorozkvet &#8211; Praznov<\/figcaption><\/figure>\n\n\n\n<figure class=\"wp-block-image size-full\"><img loading=\"lazy\" decoding=\"async\" width=\"1024\" height=\"575\" src=\"https:\/\/www.pariter.sk\/wp-content\/uploads\/2021\/07\/pkr.jpg\" alt=\"\" class=\"wp-image-153\" srcset=\"https:\/\/www.pariter.sk\/wp-content\/uploads\/2021\/07\/pkr.jpg 1024w, https:\/\/www.pariter.sk\/wp-content\/uploads\/2021\/07\/pkr-300x168.jpg 300w, https:\/\/www.pariter.sk\/wp-content\/uploads\/2021\/07\/pkr-768x431.jpg 768w, https:\/\/www.pariter.sk\/wp-content\/uploads\/2021\/07\/pkr-2x1.jpg 2w\" sizes=\"auto, (max-width: 1024px) 100vw, 1024px\" \/><figcaption>Rodinn\u00fd dom &#8211; P\u00fachov<\/figcaption><\/figure>\n","protected":false},"excerpt":{"rendered":"<p>Zrealizovan\u00e9 projekty pozemn\u00fdch stavieb<\/p>\n","protected":false},"author":1,"featured_media":0,"parent":0,"menu_order":0,"comment_status":"closed","ping_status":"closed","template":"","meta":{"_monsterinsights_skip_tracking":false,"_monsterinsights_sitenote_active":false,"_monsterinsights_sitenote_note":"","_monsterinsights_sitenote_category":0,"footnotes":""},"class_list":["post-88","page","type-page","status-publish","hentry"],"yoast_head":"<!-- This site is optimized with the Yoast SEO plugin v23.9 - https:\/\/yoast.com\/wordpress\/plugins\/seo\/ -->\n<title>Projekty - PARITER<\/title>\n<meta name=\"robots\" content=\"index, follow, max-snippet:-1, max-image-preview:large, max-video-preview:-1\" \/>\n<link rel=\"canonical\" href=\"https:\/\/www.pariter.sk\/?page_id=88\" \/>\n<meta property=\"og:locale\" content=\"sk_SK\" \/>\n<meta property=\"og:type\" content=\"article\" \/>\n<meta property=\"og:title\" content=\"Projekty - PARITER\" \/>\n<meta property=\"og:description\" content=\"Zrealizovan\u00e9 projekty pozemn\u00fdch stavieb\" \/>\n<meta property=\"og:url\" content=\"https:\/\/www.pariter.sk\/?page_id=88\" \/>\n<meta property=\"og:site_name\" content=\"PARITER\" \/>\n<meta property=\"article:modified_time\" content=\"2021-07-28T14:48:20+00:00\" \/>\n<meta property=\"og:image\" content=\"https:\/\/www.pariter.sk\/wp-content\/uploads\/2021\/07\/pk1.jpg\" \/>\n<meta name=\"twitter:card\" content=\"summary_large_image\" \/>\n<meta name=\"twitter:label1\" content=\"Predpokladan\u00fd \u010das \u010d\u00edtania\" \/>\n\t<meta name=\"twitter:data1\" content=\"2 min\u00faty\" \/>\n<script type=\"application\/ld+json\" class=\"yoast-schema-graph\">{\"@context\":\"https:\/\/schema.org\",\"@graph\":[{\"@type\":\"WebPage\",\"@id\":\"https:\/\/www.pariter.sk\/?page_id=88\",\"url\":\"https:\/\/www.pariter.sk\/?page_id=88\",\"name\":\"Projekty - PARITER\",\"isPartOf\":{\"@id\":\"https:\/\/www.pariter.sk\/#website\"},\"primaryImageOfPage\":{\"@id\":\"https:\/\/www.pariter.sk\/?page_id=88#primaryimage\"},\"image\":{\"@id\":\"https:\/\/www.pariter.sk\/?page_id=88#primaryimage\"},\"thumbnailUrl\":\"https:\/\/www.pariter.sk\/wp-content\/uploads\/2021\/07\/pk1.jpg\",\"datePublished\":\"2021-07-28T14:02:35+00:00\",\"dateModified\":\"2021-07-28T14:48:20+00:00\",\"breadcrumb\":{\"@id\":\"https:\/\/www.pariter.sk\/?page_id=88#breadcrumb\"},\"inLanguage\":\"sk-SK\",\"potentialAction\":[{\"@type\":\"ReadAction\",\"target\":[\"https:\/\/www.pariter.sk\/?page_id=88\"]}]},{\"@type\":\"ImageObject\",\"inLanguage\":\"sk-SK\",\"@id\":\"https:\/\/www.pariter.sk\/?page_id=88#primaryimage\",\"url\":\"https:\/\/www.pariter.sk\/wp-content\/uploads\/2021\/07\/pk1.jpg\",\"contentUrl\":\"https:\/\/www.pariter.sk\/wp-content\/uploads\/2021\/07\/pk1.jpg\",\"width\":1024,\"height\":660},{\"@type\":\"BreadcrumbList\",\"@id\":\"https:\/\/www.pariter.sk\/?page_id=88#breadcrumb\",\"itemListElement\":[{\"@type\":\"ListItem\",\"position\":1,\"name\":\"Home\",\"item\":\"https:\/\/www.pariter.sk\/\"},{\"@type\":\"ListItem\",\"position\":2,\"name\":\"Projekty\"}]},{\"@type\":\"WebSite\",\"@id\":\"https:\/\/www.pariter.sk\/#website\",\"url\":\"https:\/\/www.pariter.sk\/\",\"name\":\"PARITER\",\"description\":\"\",\"publisher\":{\"@id\":\"https:\/\/www.pariter.sk\/#organization\"},\"potentialAction\":[{\"@type\":\"SearchAction\",\"target\":{\"@type\":\"EntryPoint\",\"urlTemplate\":\"https:\/\/www.pariter.sk\/?s={search_term_string}\"},\"query-input\":{\"@type\":\"PropertyValueSpecification\",\"valueRequired\":true,\"valueName\":\"search_term_string\"}}],\"inLanguage\":\"sk-SK\"},{\"@type\":\"Organization\",\"@id\":\"https:\/\/www.pariter.sk\/#organization\",\"name\":\"Pariter s.r.o.\",\"url\":\"https:\/\/www.pariter.sk\/\",\"logo\":{\"@type\":\"ImageObject\",\"inLanguage\":\"sk-SK\",\"@id\":\"https:\/\/www.pariter.sk\/#\/schema\/logo\/image\/\",\"url\":\"https:\/\/www.pariter.sk\/wp-content\/uploads\/2021\/05\/logo.jpg\",\"contentUrl\":\"https:\/\/www.pariter.sk\/wp-content\/uploads\/2021\/05\/logo.jpg\",\"width\":450,\"height\":72,\"caption\":\"Pariter s.r.o.\"},\"image\":{\"@id\":\"https:\/\/www.pariter.sk\/#\/schema\/logo\/image\/\"}}]}<\/script>\n<!-- \/ Yoast SEO plugin. -->","yoast_head_json":{"title":"Projekty - PARITER","robots":{"index":"index","follow":"follow","max-snippet":"max-snippet:-1","max-image-preview":"max-image-preview:large","max-video-preview":"max-video-preview:-1"},"canonical":"https:\/\/www.pariter.sk\/?page_id=88","og_locale":"sk_SK","og_type":"article","og_title":"Projekty - PARITER","og_description":"Zrealizovan\u00e9 projekty pozemn\u00fdch stavieb","og_url":"https:\/\/www.pariter.sk\/?page_id=88","og_site_name":"PARITER","article_modified_time":"2021-07-28T14:48:20+00:00","og_image":[{"url":"https:\/\/www.pariter.sk\/wp-content\/uploads\/2021\/07\/pk1.jpg"}],"twitter_card":"summary_large_image","twitter_misc":{"Predpokladan\u00fd \u010das \u010d\u00edtania":"2 min\u00faty"},"schema":{"@context":"https:\/\/schema.org","@graph":[{"@type":"WebPage","@id":"https:\/\/www.pariter.sk\/?page_id=88","url":"https:\/\/www.pariter.sk\/?page_id=88","name":"Projekty - PARITER","isPartOf":{"@id":"https:\/\/www.pariter.sk\/#website"},"primaryImageOfPage":{"@id":"https:\/\/www.pariter.sk\/?page_id=88#primaryimage"},"image":{"@id":"https:\/\/www.pariter.sk\/?page_id=88#primaryimage"},"thumbnailUrl":"https:\/\/www.pariter.sk\/wp-content\/uploads\/2021\/07\/pk1.jpg","datePublished":"2021-07-28T14:02:35+00:00","dateModified":"2021-07-28T14:48:20+00:00","breadcrumb":{"@id":"https:\/\/www.pariter.sk\/?page_id=88#breadcrumb"},"inLanguage":"sk-SK","potentialAction":[{"@type":"ReadAction","target":["https:\/\/www.pariter.sk\/?page_id=88"]}]},{"@type":"ImageObject","inLanguage":"sk-SK","@id":"https:\/\/www.pariter.sk\/?page_id=88#primaryimage","url":"https:\/\/www.pariter.sk\/wp-content\/uploads\/2021\/07\/pk1.jpg","contentUrl":"https:\/\/www.pariter.sk\/wp-content\/uploads\/2021\/07\/pk1.jpg","width":1024,"height":660},{"@type":"BreadcrumbList","@id":"https:\/\/www.pariter.sk\/?page_id=88#breadcrumb","itemListElement":[{"@type":"ListItem","position":1,"name":"Home","item":"https:\/\/www.pariter.sk\/"},{"@type":"ListItem","position":2,"name":"Projekty"}]},{"@type":"WebSite","@id":"https:\/\/www.pariter.sk\/#website","url":"https:\/\/www.pariter.sk\/","name":"PARITER","description":"","publisher":{"@id":"https:\/\/www.pariter.sk\/#organization"},"potentialAction":[{"@type":"SearchAction","target":{"@type":"EntryPoint","urlTemplate":"https:\/\/www.pariter.sk\/?s={search_term_string}"},"query-input":{"@type":"PropertyValueSpecification","valueRequired":true,"valueName":"search_term_string"}}],"inLanguage":"sk-SK"},{"@type":"Organization","@id":"https:\/\/www.pariter.sk\/#organization","name":"Pariter s.r.o.","url":"https:\/\/www.pariter.sk\/","logo":{"@type":"ImageObject","inLanguage":"sk-SK","@id":"https:\/\/www.pariter.sk\/#\/schema\/logo\/image\/","url":"https:\/\/www.pariter.sk\/wp-content\/uploads\/2021\/05\/logo.jpg","contentUrl":"https:\/\/www.pariter.sk\/wp-content\/uploads\/2021\/05\/logo.jpg","width":450,"height":72,"caption":"Pariter s.r.o."},"image":{"@id":"https:\/\/www.pariter.sk\/#\/schema\/logo\/image\/"}}]}},"_links":{"self":[{"href":"https:\/\/www.pariter.sk\/index.php?rest_route=\/wp\/v2\/pages\/88","targetHints":{"allow":["GET"]}}],"collection":[{"href":"https:\/\/www.pariter.sk\/index.php?rest_route=\/wp\/v2\/pages"}],"about":[{"href":"https:\/\/www.pariter.sk\/index.php?rest_route=\/wp\/v2\/types\/page"}],"author":[{"embeddable":true,"href":"https:\/\/www.pariter.sk\/index.php?rest_route=\/wp\/v2\/users\/1"}],"replies":[{"embeddable":true,"href":"https:\/\/www.pariter.sk\/index.php?rest_route=%2Fwp%2Fv2%2Fcomments&post=88"}],"version-history":[{"count":2,"href":"https:\/\/www.pariter.sk\/index.php?rest_route=\/wp\/v2\/pages\/88\/revisions"}],"predecessor-version":[{"id":154,"href":"https:\/\/www.pariter.sk\/index.php?rest_route=\/wp\/v2\/pages\/88\/revisions\/154"}],"wp:attachment":[{"href":"https:\/\/www.pariter.sk\/index.php?rest_route=%2Fwp%2Fv2%2Fmedia&parent=88"}],"curies":[{"name":"wp","href":"https:\/\/api.w.org\/{rel}","templated":true}]}}